{"id":99,"date":"2009-01-20T16:42:00","date_gmt":"2009-01-20T14:42:00","guid":{"rendered":"http:\/\/www.sinfis.net\/?page_id=99"},"modified":"2021-08-23T16:36:12","modified_gmt":"2021-08-23T14:36:12","slug":"soittajien-sivut","status":"publish","type":"page","link":"https:\/\/www.sinfis.fi\/en\/soittajien-sivut\/","title":{"rendered":"Soittajien sivut"},"content":{"rendered":"<p>Sinfiksen soittajille on internetiss\u00e4 aivan oma fooruminsa. Sielt\u00e4 l\u00f6ytyy t\u00e4ll\u00e4 hetkell\u00e4 esimerkiksi kuvia kev\u00e4\u00e4n 2008 reissusta Saksaan, yhdistyksen hallituksen kokousten p\u00f6yt\u00e4kirjoja, yhteystietolista ja muuta tarpeellista tietoa. Sivuille kirjautumiseen tarvittavia k\u00e4ytt\u00e4j\u00e4tunnusta ja salasanaa voi kysy\u00e4 hallituslaisilta orkesterin seuraavissa harjoituksissa.<\/p>\n<h2>&gt;&gt; <a title=\"Sinfiksen soittajien sivuille!\" href=\"http:\/\/sites.google.com\/site\/jysinfis\/\" target=\"_blank\" rel=\"noopener\">Soittajien sivuille p\u00e4\u00e4set klikkaamalla t\u00e4st\u00e4<\/a><\/h2>\n<p>Kirjaudu Google-tilin avulla sy\u00f6tt\u00e4m\u00e4ll\u00e4 k\u00e4ytt\u00e4j\u00e4tunnus kohtaan <em>&#8221;S\u00e4hk\u00f6posti&#8221;<\/em> ja salasana merkittyyn kohtaansa. Paina lopuksi <em>&#8221;Kirjaudu sis\u00e4\u00e4n<\/em>&#8221;.<\/p>\n<h2>Riitt\u00e4m\u00e4tt\u00f6m\u00e4t oikeudet?<\/h2>\n<p>Soittajien sivut toimivat t\u00e4ll\u00e4 hetkell\u00e4 Google Sivustot -pohjalla. Yhteiselle tilille kirjautuminen ei onnistu, jos olet samaan aikaan kirjautunut esimerkiksi omalle Gmail-tilillesi. Kirjaudu ensin pois omalta Google-tililt\u00e4si ja yrit\u00e4 sitten uudelleen.<\/p>","protected":false},"excerpt":{"rendered":"<p>Sinfiksen soittajille on internetiss\u00e4 aivan oma fooruminsa. Sielt\u00e4 l\u00f6ytyy t\u00e4ll\u00e4 hetkell\u00e4 esimerkiksi kuvia kev\u00e4\u00e4n 2008 reissusta Saksaan, yhdistyksen hallituksen kokousten p\u00f6yt\u00e4kirjoja, yhteystietolista ja muuta tarpeellista tietoa. Sivuille kirjautumiseen tarvittavia k\u00e4ytt\u00e4j\u00e4tunnusta ja salasanaa voi kysy\u00e4 hallituslaisilta orkesterin seuraavissa harjoituksissa. &gt;&gt; Soittajien sivuille p\u00e4\u00e4set klikkaamalla t\u00e4st\u00e4 Kirjaudu Google-tilin avulla sy\u00f6tt\u00e4m\u00e4ll\u00e4 k\u00e4ytt\u00e4j\u00e4tunnus kohtaan &#8221;S\u00e4hk\u00f6posti&#8221; ja salasana merkittyyn kohtaansa. &hellip; <\/p>\n<p class=\"link-more\"><a href=\"https:\/\/www.sinfis.fi\/en\/soittajien-sivut\/\" class=\"more-link\">Continue reading<span class=\"screen-reader-text\"> &#8221;Soittajien sivut&#8221;<\/span><\/a><\/p>","protected":false},"author":1,"featured_media":0,"parent":0,"menu_order":8,"comment_status":"closed","ping_status":"open","template":"","meta":{"footnotes":""},"class_list":["post-99","page","type-page","status-publish","hentry"],"_links":{"self":[{"href":"https:\/\/www.sinfis.fi\/en\/wp-json\/wp\/v2\/pages\/99","targetHints":{"allow":["GET"]}}],"collection":[{"href":"https:\/\/www.sinfis.fi\/en\/wp-json\/wp\/v2\/pages"}],"about":[{"href":"https:\/\/www.sinfis.fi\/en\/wp-json\/wp\/v2\/types\/page"}],"author":[{"embeddable":true,"href":"https:\/\/www.sinfis.fi\/en\/wp-json\/wp\/v2\/users\/1"}],"replies":[{"embeddable":true,"href":"https:\/\/www.sinfis.fi\/en\/wp-json\/wp\/v2\/comments?post=99"}],"version-history":[{"count":6,"href":"https:\/\/www.sinfis.fi\/en\/wp-json\/wp\/v2\/pages\/99\/revisions"}],"predecessor-version":[{"id":1477,"href":"https:\/\/www.sinfis.fi\/en\/wp-json\/wp\/v2\/pages\/99\/revisions\/1477"}],"wp:attachment":[{"href":"https:\/\/www.sinfis.fi\/en\/wp-json\/wp\/v2\/media?parent=99"}],"curies":[{"name":"wp","href":"https:\/\/api.w.org\/{rel}","templated":true}]}}