{"id":9,"date":"2008-09-13T16:24:48","date_gmt":"2008-09-13T13:24:48","guid":{"rendered":"http:\/\/www.sinfis.net\/?page_id=9"},"modified":"2026-02-26T17:21:16","modified_gmt":"2026-02-26T15:21:16","slug":"yhteystiedot","status":"publish","type":"page","link":"https:\/\/www.sinfis.fi\/en\/yhteystiedot\/","title":{"rendered":"Contact information"},"content":{"rendered":"<h2 class=\"wp-block-heading\">Postal address<\/h2>\n\n\n\n<div class=\"wp-block-columns is-layout-flex wp-container-core-columns-is-layout-9d6595d7 wp-block-columns-is-layout-flex\">\n<div class=\"wp-block-column is-layout-flow wp-block-column-is-layout-flow\" style=\"flex-basis:100%\">\n<p>University of Jyv\u00e4skyl\u00e4 Symphony Orchestra<br>PL 35 \/ M<br>40014 University of Jyv\u00e4skyl\u00e4\nFinland<\/p>\n<\/div>\n<\/div>\n\n\n\n<div class=\"wp-block-columns is-layout-flex wp-container-core-columns-is-layout-9d6595d7 wp-block-columns-is-layout-flex\">\n<div class=\"wp-block-column is-layout-flow wp-block-column-is-layout-flow\">\n<h2 class=\"wp-block-heading\">Curator<\/h2>\n\n\n\n<p>Sofia T\u00f6rr\u00f6nen<br>sofia.f.m.torronen(at)student.jyu.fi<\/p>\n\n\n\n<p><br><\/p>\n<\/div>\n\n\n\n<div class=\"wp-block-column is-layout-flow wp-block-column-is-layout-flow\">\n<h2 class=\"wp-block-heading\">Head of the board<\/h2>\n\n\n\n<p>Veera Lehtinen<br>veemarjo(at)student.jyu.fi <br><\/p>\n<\/div>\n<\/div>\n\n\n\n<div class=\"wp-block-group\"><div class=\"wp-block-group__inner-container is-layout-flow wp-block-group-is-layout-flow\">\n<h2 class=\"wp-block-heading\">Board<\/h2>\n\n\n\n<figure class=\"wp-block-table is-style-regular\"><table class=\"has-fixed-layout\"><tbody><tr><td>   Head of the board<\/td><td class=\"has-text-align-center\" data-align=\"center\">Veera Lehtinen<\/td><\/tr><tr><td>Vice chairman and event coordinator assistant<\/td><td class=\"has-text-align-center\" data-align=\"center\">Henriikka Jokimies <\/td><\/tr><tr><td>Master of coin<\/td><td class=\"has-text-align-center\" data-align=\"center\">Jenni Pohjola<\/td><\/tr><tr><td>Secretary <\/td><td class=\"has-text-align-center\" data-align=\"center\">Linnea Lensu<\/td><\/tr><tr><td>Player responsible and marketing responsible<\/td><td class=\"has-text-align-center\" data-align=\"center\">Erika Kilpel\u00e4inen <\/td><\/tr><tr><td>Equipment representative<\/td><td class=\"has-text-align-center\" data-align=\"center\">Erno Kulju<\/td><\/tr><tr><td>Event coordinator<\/td><td class=\"has-text-align-center\" data-align=\"center\">Andreas Luoto<\/td><\/tr><\/tbody><\/table><\/figure>\n\n\n\n<p>hallitus(at)sinfis.fi<\/p>\n\n\n\n<p>Hox! Please note that the @-sign is replaced with (at) to avoid spam mail. Remember to change it when you sent us email.<\/p>\n<\/div><\/div>\n\n\n\n<h2 class=\"wp-block-heading\">Do you want to have Sinfis play for you?<\/h2>\n\n\n\n<div class=\"wp-block-buttons is-layout-flex wp-block-buttons-is-layout-flex\">\n<div class=\"wp-block-button\"><a class=\"wp-block-button__link wp-element-button\" href=\"https:\/\/www.sinfis.fi\/en\/tilaa-sinfis\/\">More information<\/a><\/div>\n<\/div>","protected":false},"excerpt":{"rendered":"<p>Postiosoite Jyv\u00e4skyl\u00e4n yliopiston sinfoniaorkesteri ryPL 35 \/ M40014 Jyv\u00e4skyl\u00e4n yliopisto Intendentti Sofia T\u00f6rr\u00f6nensofia.f.m.torronen(at)student.jyu.fi Puheenjohtaja Veera Lehtinenveemarjo(at)student.jyu.fi Hallitus Puheenjohtaja Veera Lehtinen Varapuheenjohtaja ja bilevastaavan apuhenkil\u00f6 Henriikka Jokimies Rahastonhoitaja Jenni Pohjola Sihteeri Linnea Lensu Soittajisto- ja markkinointivastaava Erika Kilpel\u00e4inen Roudausvastava Erno Kulju Bilevastaava Andreas Luoto hallitus(at)sinfis.fi Huom! @-merkki korvattu sivulla at:lla roskapostin est\u00e4miseksi, muista vaihtaa se vastaanottajaosoitteeseen. &hellip; <\/p>\n<p class=\"link-more\"><a href=\"https:\/\/www.sinfis.fi\/en\/yhteystiedot\/\" class=\"more-link\">Continue reading<span class=\"screen-reader-text\"> &#8221;Yhteystiedot&#8221;<\/span><\/a><\/p>","protected":false},"author":1,"featured_media":0,"parent":0,"menu_order":3,"comment_status":"closed","ping_status":"open","template":"","meta":{"footnotes":""},"class_list":["post-9","page","type-page","status-publish","hentry"],"_links":{"self":[{"href":"https:\/\/www.sinfis.fi\/en\/wp-json\/wp\/v2\/pages\/9","targetHints":{"allow":["GET"]}}],"collection":[{"href":"https:\/\/www.sinfis.fi\/en\/wp-json\/wp\/v2\/pages"}],"about":[{"href":"https:\/\/www.sinfis.fi\/en\/wp-json\/wp\/v2\/types\/page"}],"author":[{"embeddable":true,"href":"https:\/\/www.sinfis.fi\/en\/wp-json\/wp\/v2\/users\/1"}],"replies":[{"embeddable":true,"href":"https:\/\/www.sinfis.fi\/en\/wp-json\/wp\/v2\/comments?post=9"}],"version-history":[{"count":146,"href":"https:\/\/www.sinfis.fi\/en\/wp-json\/wp\/v2\/pages\/9\/revisions"}],"predecessor-version":[{"id":1995,"href":"https:\/\/www.sinfis.fi\/en\/wp-json\/wp\/v2\/pages\/9\/revisions\/1995"}],"wp:attachment":[{"href":"https:\/\/www.sinfis.fi\/en\/wp-json\/wp\/v2\/media?parent=9"}],"curies":[{"name":"wp","href":"https:\/\/api.w.org\/{rel}","templated":true}]}}