{"id":25,"date":"2008-09-13T18:05:12","date_gmt":"2008-09-13T16:05:12","guid":{"rendered":"http:\/\/www.sinfis.net\/?page_id=25"},"modified":"2021-08-23T16:36:12","modified_gmt":"2021-08-23T14:36:12","slug":"linkkeja","status":"publish","type":"page","link":"https:\/\/www.sinfis.fi\/en\/linkkeja\/","title":{"rendered":"Links"},"content":{"rendered":"<h2 class=\"wp-block-heading\">Miscellaneous<\/h2>\n\n\n\n<div class=\"wp-block-group\"><div class=\"wp-block-group__inner-container is-layout-flow wp-block-group-is-layout-flow\">\n<p><a href=\"https:\/\/www.jyu.fi\/en\/frontpage\">University of Jyv\u00e4skyl\u00e4<\/a><br><a href=\"https:\/\/jyy.fi\/en\/student-union-university-jyvaskyla\/\">The Student Union of the University of Jyv\u00e4skyl\u00e4<\/a><\/p>\n<\/div><\/div>\n\n\n\n<h2 class=\"wp-block-heading\">Orchestras in Finland<\/h2>\n\n\n\n<p><a href=\"http:\/\/www.jyvaskylasinfonia.fi\">Jyv\u00e4skyl\u00e4 Sinfonia<\/a><br><a style=\"\" href=\"http:\/\/www.yle.fi\/rso\/\">RSO<\/a> &#8211; Radion Sinfoniaorkesteri<br><a style=\"\" href=\"http:\/\/www.sinfonialahti.fi\/\">Sinfonia Lahti<\/a><br><a style=\"\" href=\"http:\/\/www.finnchamber.fi\/\">Suomalainen Kamariorkesteri<\/a><br><a href=\"http:\/\/www.sinfoniaorkesterivivo.fi\/\">Sinfoniaorkesteri Vivo<\/a> &#8211; Kansainv\u00e4linen nuoriso-orkesteri<\/p>\n\n\n\n<h2 class=\"wp-block-heading\">Student Orchestras<\/h2>\n\n\n\n<p><a href=\"http:\/\/www.puhkupillit.fi\">Puhkupillit<\/a> &#8211; Jyv\u00e4skyl\u00e4n yliopiston puhallinorkesteri<br><a href=\"https:\/\/helsinkiwinds.com\/\">Akateeminen puhallinorkesteri<\/a> &#8211; Helsingin yliopiston puhallinorkesteri<br><a href=\"http:\/\/www.humpsvakar.fi\/\">Humpsvakar<\/a>&#8211; Tekniska h\u00f6gskolan<br><a href=\"http:\/\/www.rwbk.fi\/\">Retuper\u00e4n WBK<\/a> &#8211; Teknillisen korkeakoulun torviorkesteri<br><a href=\"https:\/\/www.teekkaritorvet.com\/\">Teekkaritorvet<\/a> &#8211; Oulun yliopiston viihdeorkesteri<br><a href=\"http:\/\/www.torvikopla.net\/\">Torvikopla<\/a>&#8211; Tampereen yliopiston Big Band orkesteri<br><a href=\"http:\/\/ys.fi\/\">Helsingin Ylioppilaskunnan Soittajat<\/a>&#8211; Helsingin ylioppilaskunnan sinfoniaorksteri <\/p>\n\n\n\n<h2 class=\"wp-block-heading\">Foreign Orchestras<\/h2>\n\n\n\n<p><a href=\"http:\/\/uso.no\/english;jsessionid=1rhxyeaarhr74y66ilfxb4v9w?0\">University of Oslo Symphony Orchestra<\/a> &#8211; Oslon yliopiston sinfoniaorkesteri<br><a href=\"http:\/\/www.cbso.co.uk\/\">City of Birmingham Symphony Orchestra<\/a><br><a href=\"http:\/\/www.dws.org\/\">Dallas Wind Symphony<\/a> &#8211; Dallasin puhallinorkesteri<br><a href=\"http:\/\/www.houstonsymphony.org\/\">Houston Symphony<\/a>&#8211; Houstonin sinfoniaorkesteri<br><a href=\"http:\/\/www.akademiskakapellet.uu.se\/\">Kungliga Akademiska kapellet<\/a> &#8211; Uppsalan yliopiston sinfoniaorkesteri<br><a href=\"http:\/\/nyphil.org\/\">New York Philharmonic<\/a>&#8211; New Yorkin filharmoninen orkesteri<br><a href=\"http:\/\/www.oslophil.com\/en\/\">Oslo Philharmonic Orchestra<\/a>&#8211; Oslon filharmoninen orkester<\/p>","protected":false},"excerpt":{"rendered":"<p>Sekalaista Jyv\u00e4skyl\u00e4n yliopistoJyv\u00e4skyl\u00e4n yliopiston ylioppilaskunta Suomalaisia orkestereita Jyv\u00e4skyl\u00e4 SinfoniaRSO &#8211; Radion SinfoniaorkesteriSinfonia LahtiSuomalainen KamariorkesteriSinfoniaorkesteri Vivo &#8211; Kansainv\u00e4linen nuoriso-orkesteri Opiskelijaorkestereita Puhkupillit &#8211; Jyv\u00e4skyl\u00e4n yliopiston puhallinorkesteriAkateeminen puhallinorkesteri &#8211; Helsingin yliopiston puhallinorkesteriHumpsvakar&#8211; Tekniska h\u00f6gskolanRetuper\u00e4n WBK &#8211; Teknillisen korkeakoulun torviorkesteriTeekkaritorvet &#8211; Oulun yliopiston viihdeorkesteriTorvikopla&#8211; Tampereen yliopiston Big Band orkesteriHelsingin Ylioppilaskunnan Soittajat&#8211; Helsingin ylioppilaskunnan sinfoniaorksteri Ulkomaisia orkestereita University of Oslo &hellip; <\/p>\n<p class=\"link-more\"><a href=\"https:\/\/www.sinfis.fi\/en\/linkkeja\/\" class=\"more-link\">Continue reading<span class=\"screen-reader-text\"> &#8221;Linkkej\u00e4&#8221;<\/span><\/a><\/p>","protected":false},"author":1,"featured_media":0,"parent":0,"menu_order":10,"comment_status":"closed","ping_status":"closed","template":"","meta":{"footnotes":""},"class_list":["post-25","page","type-page","status-publish","hentry"],"_links":{"self":[{"href":"https:\/\/www.sinfis.fi\/en\/wp-json\/wp\/v2\/pages\/25","targetHints":{"allow":["GET"]}}],"collection":[{"href":"https:\/\/www.sinfis.fi\/en\/wp-json\/wp\/v2\/pages"}],"about":[{"href":"https:\/\/www.sinfis.fi\/en\/wp-json\/wp\/v2\/types\/page"}],"author":[{"embeddable":true,"href":"https:\/\/www.sinfis.fi\/en\/wp-json\/wp\/v2\/users\/1"}],"replies":[{"embeddable":true,"href":"https:\/\/www.sinfis.fi\/en\/wp-json\/wp\/v2\/comments?post=25"}],"version-history":[{"count":43,"href":"https:\/\/www.sinfis.fi\/en\/wp-json\/wp\/v2\/pages\/25\/revisions"}],"predecessor-version":[{"id":1399,"href":"https:\/\/www.sinfis.fi\/en\/wp-json\/wp\/v2\/pages\/25\/revisions\/1399"}],"wp:attachment":[{"href":"https:\/\/www.sinfis.fi\/en\/wp-json\/wp\/v2\/media?parent=25"}],"curies":[{"name":"wp","href":"https:\/\/api.w.org\/{rel}","templated":true}]}}