{"id":1658,"date":"2022-08-31T13:56:12","date_gmt":"2022-08-31T11:56:12","guid":{"rendered":"https:\/\/www.sinfis.fi\/?page_id=1658"},"modified":"2026-02-05T17:28:33","modified_gmt":"2026-02-05T15:28:33","slug":"sinfiksen-portfolio","status":"publish","type":"page","link":"https:\/\/www.sinfis.fi\/en\/sinfiksen-portfolio\/","title":{"rendered":"Portfolio of Sinfis"},"content":{"rendered":"<p>Jyv\u00e4skyl\u00e4n yliopiston sinfoniaorkesteri Sinfis on perustettu vuonna 1993 yht\u00e4 tarkoitusta varten: soittamaan opettajankouluslaitoksen marraskuiseen vuosijuhlaan. Orkesteri kuitenkin vakiinnutti toimintansa ja on nykyisin noin 50 soittajan kokoinen.<\/p>\n\n\n\n<figure class=\"wp-block-gallery has-nested-images columns-2 is-cropped wp-block-gallery-1 is-layout-flex wp-block-gallery-is-layout-flex\">\n<figure class=\"wp-block-image size-large\"><img loading=\"lazy\" decoding=\"async\" width=\"1024\" height=\"683\" data-id=\"1674\" src=\"https:\/\/www.sinfis.fi\/wp-content\/uploads\/2022\/08\/DSC1007-1-1024x683.jpg\" alt=\"\" class=\"wp-image-1674\" srcset=\"https:\/\/www.sinfis.fi\/wp-content\/uploads\/2022\/08\/DSC1007-1-1024x683.jpg 1024w, https:\/\/www.sinfis.fi\/wp-content\/uploads\/2022\/08\/DSC1007-1-300x200.jpg 300w, https:\/\/www.sinfis.fi\/wp-content\/uploads\/2022\/08\/DSC1007-1-768x512.jpg 768w, https:\/\/www.sinfis.fi\/wp-content\/uploads\/2022\/08\/DSC1007-1-1536x1024.jpg 1536w, https:\/\/www.sinfis.fi\/wp-content\/uploads\/2022\/08\/DSC1007-1-2048x1365.jpg 2048w, https:\/\/www.sinfis.fi\/wp-content\/uploads\/2022\/08\/DSC1007-1-18x12.jpg 18w\" sizes=\"auto, (max-width: 767px) 89vw, (max-width: 1000px) 54vw, (max-width: 1071px) 543px, 580px\" \/><figcaption class=\"wp-element-caption\">Ultra Bra -concert in fall 2017<\/figcaption><\/figure>\n\n\n\n<figure class=\"wp-block-image size-large\"><img loading=\"lazy\" decoding=\"async\" width=\"1024\" height=\"683\" data-id=\"1678\" src=\"https:\/\/www.sinfis.fi\/wp-content\/uploads\/2022\/08\/DSC0961-1-1024x683.jpg\" alt=\"\" class=\"wp-image-1678\" srcset=\"https:\/\/www.sinfis.fi\/wp-content\/uploads\/2022\/08\/DSC0961-1-1024x683.jpg 1024w, https:\/\/www.sinfis.fi\/wp-content\/uploads\/2022\/08\/DSC0961-1-300x200.jpg 300w, https:\/\/www.sinfis.fi\/wp-content\/uploads\/2022\/08\/DSC0961-1-768x512.jpg 768w, https:\/\/www.sinfis.fi\/wp-content\/uploads\/2022\/08\/DSC0961-1-1536x1024.jpg 1536w, https:\/\/www.sinfis.fi\/wp-content\/uploads\/2022\/08\/DSC0961-1-2048x1365.jpg 2048w, https:\/\/www.sinfis.fi\/wp-content\/uploads\/2022\/08\/DSC0961-1-18x12.jpg 18w\" sizes=\"auto, (max-width: 767px) 89vw, (max-width: 1000px) 54vw, (max-width: 1071px) 543px, 580px\" \/><figcaption class=\"wp-element-caption\">The concert was held in university main building hall.<\/figcaption><\/figure>\n\n\n\n<figure class=\"wp-block-image size-large\"><img loading=\"lazy\" decoding=\"async\" width=\"1024\" height=\"683\" data-id=\"1666\" src=\"https:\/\/www.sinfis.fi\/wp-content\/uploads\/2022\/08\/DSC1509-1-1024x683.jpg\" alt=\"\" class=\"wp-image-1666\" srcset=\"https:\/\/www.sinfis.fi\/wp-content\/uploads\/2022\/08\/DSC1509-1-1024x683.jpg 1024w, https:\/\/www.sinfis.fi\/wp-content\/uploads\/2022\/08\/DSC1509-1-300x200.jpg 300w, https:\/\/www.sinfis.fi\/wp-content\/uploads\/2022\/08\/DSC1509-1-768x512.jpg 768w, https:\/\/www.sinfis.fi\/wp-content\/uploads\/2022\/08\/DSC1509-1-1536x1024.jpg 1536w, https:\/\/www.sinfis.fi\/wp-content\/uploads\/2022\/08\/DSC1509-1-2048x1365.jpg 2048w, https:\/\/www.sinfis.fi\/wp-content\/uploads\/2022\/08\/DSC1509-1-18x12.jpg 18w\" sizes=\"auto, (max-width: 767px) 89vw, (max-width: 1000px) 54vw, (max-width: 1071px) 543px, 580px\" \/><figcaption class=\"wp-element-caption\">Sinfis in Kuokkala Church in spring 2018<\/figcaption><\/figure>\n\n\n\n<figure class=\"wp-block-image size-large\"><img loading=\"lazy\" decoding=\"async\" width=\"1024\" height=\"683\" data-id=\"1681\" src=\"https:\/\/www.sinfis.fi\/wp-content\/uploads\/2022\/08\/DSC_1580-1-1024x683.jpg\" alt=\"\" class=\"wp-image-1681\" srcset=\"https:\/\/www.sinfis.fi\/wp-content\/uploads\/2022\/08\/DSC_1580-1-1024x683.jpg 1024w, https:\/\/www.sinfis.fi\/wp-content\/uploads\/2022\/08\/DSC_1580-1-300x200.jpg 300w, https:\/\/www.sinfis.fi\/wp-content\/uploads\/2022\/08\/DSC_1580-1-768x512.jpg 768w, https:\/\/www.sinfis.fi\/wp-content\/uploads\/2022\/08\/DSC_1580-1-1536x1024.jpg 1536w, https:\/\/www.sinfis.fi\/wp-content\/uploads\/2022\/08\/DSC_1580-1-2048x1365.jpg 2048w, https:\/\/www.sinfis.fi\/wp-content\/uploads\/2022\/08\/DSC_1580-1-18x12.jpg 18w\" sizes=\"auto, (max-width: 767px) 89vw, (max-width: 1000px) 54vw, (max-width: 1071px) 543px, 580px\" \/><figcaption class=\"wp-element-caption\">Olli-Pekka Tuomisalo as soloist in 2018. <\/figcaption><\/figure>\n\n\n\n<figure class=\"wp-block-image size-large\"><img loading=\"lazy\" decoding=\"async\" width=\"1024\" height=\"683\" data-id=\"1682\" src=\"https:\/\/www.sinfis.fi\/wp-content\/uploads\/2022\/08\/DSC1523-1-1024x683.jpg\" alt=\"\" class=\"wp-image-1682\" srcset=\"https:\/\/www.sinfis.fi\/wp-content\/uploads\/2022\/08\/DSC1523-1-1024x683.jpg 1024w, https:\/\/www.sinfis.fi\/wp-content\/uploads\/2022\/08\/DSC1523-1-300x200.jpg 300w, https:\/\/www.sinfis.fi\/wp-content\/uploads\/2022\/08\/DSC1523-1-768x512.jpg 768w, https:\/\/www.sinfis.fi\/wp-content\/uploads\/2022\/08\/DSC1523-1-1536x1024.jpg 1536w, https:\/\/www.sinfis.fi\/wp-content\/uploads\/2022\/08\/DSC1523-1-2048x1365.jpg 2048w, https:\/\/www.sinfis.fi\/wp-content\/uploads\/2022\/08\/DSC1523-1-18x12.jpg 18w\" sizes=\"auto, (max-width: 767px) 89vw, (max-width: 1000px) 54vw, (max-width: 1071px) 543px, 580px\" \/><figcaption class=\"wp-element-caption\">Sakari Viitala as soloist and composer of first performance in 2018.<\/figcaption><\/figure>\n\n\n\n<figure class=\"wp-block-image size-large\"><img loading=\"lazy\" decoding=\"async\" width=\"1024\" height=\"673\" data-id=\"1689\" src=\"https:\/\/www.sinfis.fi\/wp-content\/uploads\/2022\/08\/DSC1519-1-1024x673.jpg\" alt=\"\" class=\"wp-image-1689\" srcset=\"https:\/\/www.sinfis.fi\/wp-content\/uploads\/2022\/08\/DSC1519-1-1024x673.jpg 1024w, https:\/\/www.sinfis.fi\/wp-content\/uploads\/2022\/08\/DSC1519-1-300x197.jpg 300w, https:\/\/www.sinfis.fi\/wp-content\/uploads\/2022\/08\/DSC1519-1-768x505.jpg 768w, https:\/\/www.sinfis.fi\/wp-content\/uploads\/2022\/08\/DSC1519-1-1536x1010.jpg 1536w, https:\/\/www.sinfis.fi\/wp-content\/uploads\/2022\/08\/DSC1519-1-2048x1346.jpg 2048w, https:\/\/www.sinfis.fi\/wp-content\/uploads\/2022\/08\/DSC1519-1-18x12.jpg 18w\" sizes=\"auto, (max-width: 767px) 89vw, (max-width: 1000px) 54vw, (max-width: 1071px) 543px, 580px\" \/><figcaption class=\"wp-element-caption\">Sinfis fall 2018, soloist Lauri Forst\u00e9n.<\/figcaption><\/figure>\n\n\n\n<figure class=\"wp-block-image size-large\"><img loading=\"lazy\" decoding=\"async\" width=\"1024\" height=\"683\" data-id=\"1683\" src=\"https:\/\/www.sinfis.fi\/wp-content\/uploads\/2022\/08\/DSC1557-1-1024x683.jpg\" alt=\"\" class=\"wp-image-1683\" srcset=\"https:\/\/www.sinfis.fi\/wp-content\/uploads\/2022\/08\/DSC1557-1-1024x683.jpg 1024w, https:\/\/www.sinfis.fi\/wp-content\/uploads\/2022\/08\/DSC1557-1-300x200.jpg 300w, https:\/\/www.sinfis.fi\/wp-content\/uploads\/2022\/08\/DSC1557-1-768x512.jpg 768w, https:\/\/www.sinfis.fi\/wp-content\/uploads\/2022\/08\/DSC1557-1-1536x1024.jpg 1536w, https:\/\/www.sinfis.fi\/wp-content\/uploads\/2022\/08\/DSC1557-1-2048x1365.jpg 2048w, https:\/\/www.sinfis.fi\/wp-content\/uploads\/2022\/08\/DSC1557-1-18x12.jpg 18w\" sizes=\"auto, (max-width: 767px) 89vw, (max-width: 1000px) 54vw, (max-width: 1071px) 543px, 580px\" \/><figcaption class=\"wp-element-caption\">Fall 2018.<\/figcaption><\/figure>\n\n\n\n<figure class=\"wp-block-image size-large\"><img loading=\"lazy\" decoding=\"async\" width=\"1024\" height=\"683\" data-id=\"1692\" src=\"https:\/\/www.sinfis.fi\/wp-content\/uploads\/2022\/08\/DSC1869-1024x683.jpg\" alt=\"\" class=\"wp-image-1692\" srcset=\"https:\/\/www.sinfis.fi\/wp-content\/uploads\/2022\/08\/DSC1869-1024x683.jpg 1024w, https:\/\/www.sinfis.fi\/wp-content\/uploads\/2022\/08\/DSC1869-300x200.jpg 300w, https:\/\/www.sinfis.fi\/wp-content\/uploads\/2022\/08\/DSC1869-768x512.jpg 768w, https:\/\/www.sinfis.fi\/wp-content\/uploads\/2022\/08\/DSC1869-1536x1024.jpg 1536w, https:\/\/www.sinfis.fi\/wp-content\/uploads\/2022\/08\/DSC1869-2048x1365.jpg 2048w, https:\/\/www.sinfis.fi\/wp-content\/uploads\/2022\/08\/DSC1869-18x12.jpg 18w\" sizes=\"auto, (max-width: 767px) 89vw, (max-width: 1000px) 54vw, (max-width: 1071px) 543px, 580px\" \/><figcaption class=\"wp-element-caption\">Fall 2021 in Taulum\u00e4ki church.<\/figcaption><\/figure>\n\n\n\n<figure class=\"wp-block-image size-large\"><img loading=\"lazy\" decoding=\"async\" width=\"1024\" height=\"768\" data-id=\"1691\" src=\"https:\/\/www.sinfis.fi\/wp-content\/uploads\/2022\/08\/IMG_9288-1024x768.jpg\" alt=\"\" class=\"wp-image-1691\" srcset=\"https:\/\/www.sinfis.fi\/wp-content\/uploads\/2022\/08\/IMG_9288-1024x768.jpg 1024w, https:\/\/www.sinfis.fi\/wp-content\/uploads\/2022\/08\/IMG_9288-300x225.jpg 300w, https:\/\/www.sinfis.fi\/wp-content\/uploads\/2022\/08\/IMG_9288-768x576.jpg 768w, https:\/\/www.sinfis.fi\/wp-content\/uploads\/2022\/08\/IMG_9288-1536x1152.jpg 1536w, https:\/\/www.sinfis.fi\/wp-content\/uploads\/2022\/08\/IMG_9288-2048x1536.jpg 2048w, https:\/\/www.sinfis.fi\/wp-content\/uploads\/2022\/08\/IMG_9288-16x12.jpg 16w\" sizes=\"auto, (max-width: 767px) 89vw, (max-width: 1000px) 54vw, (max-width: 1071px) 543px, 580px\" \/><figcaption class=\"wp-element-caption\">Sinfis in Taulum\u00e4ki church 2021.<\/figcaption><\/figure>\n\n\n\n<figure class=\"wp-block-image size-large\"><img loading=\"lazy\" decoding=\"async\" width=\"1024\" height=\"684\" data-id=\"1671\" src=\"https:\/\/www.sinfis.fi\/wp-content\/uploads\/2022\/08\/20220423-DSC_3682-1-1024x684.jpg\" alt=\"\" class=\"wp-image-1671\" srcset=\"https:\/\/www.sinfis.fi\/wp-content\/uploads\/2022\/08\/20220423-DSC_3682-1-1024x684.jpg 1024w, https:\/\/www.sinfis.fi\/wp-content\/uploads\/2022\/08\/20220423-DSC_3682-1-300x200.jpg 300w, https:\/\/www.sinfis.fi\/wp-content\/uploads\/2022\/08\/20220423-DSC_3682-1-768x513.jpg 768w, https:\/\/www.sinfis.fi\/wp-content\/uploads\/2022\/08\/20220423-DSC_3682-1-1536x1025.jpg 1536w, https:\/\/www.sinfis.fi\/wp-content\/uploads\/2022\/08\/20220423-DSC_3682-1-18x12.jpg 18w, https:\/\/www.sinfis.fi\/wp-content\/uploads\/2022\/08\/20220423-DSC_3682-1.jpg 2048w\" sizes=\"auto, (max-width: 767px) 89vw, (max-width: 1000px) 54vw, (max-width: 1071px) 543px, 580px\" \/><figcaption class=\"wp-element-caption\">Sinfis as the orchestra for a conductor course in spring 2022. <\/figcaption><\/figure>\n\n\n\n<figure class=\"wp-block-image size-large\"><img loading=\"lazy\" decoding=\"async\" width=\"1024\" height=\"575\" data-id=\"1680\" src=\"https:\/\/www.sinfis.fi\/wp-content\/uploads\/2022\/08\/20220423-DSC_4176-1-1024x575.jpg\" alt=\"\" class=\"wp-image-1680\" srcset=\"https:\/\/www.sinfis.fi\/wp-content\/uploads\/2022\/08\/20220423-DSC_4176-1-1024x575.jpg 1024w, https:\/\/www.sinfis.fi\/wp-content\/uploads\/2022\/08\/20220423-DSC_4176-1-300x168.jpg 300w, https:\/\/www.sinfis.fi\/wp-content\/uploads\/2022\/08\/20220423-DSC_4176-1-768x431.jpg 768w, https:\/\/www.sinfis.fi\/wp-content\/uploads\/2022\/08\/20220423-DSC_4176-1-1536x862.jpg 1536w, https:\/\/www.sinfis.fi\/wp-content\/uploads\/2022\/08\/20220423-DSC_4176-1-18x10.jpg 18w, https:\/\/www.sinfis.fi\/wp-content\/uploads\/2022\/08\/20220423-DSC_4176-1.jpg 2048w\" sizes=\"auto, (max-width: 767px) 89vw, (max-width: 1000px) 54vw, (max-width: 1071px) 543px, 580px\" \/><figcaption class=\"wp-element-caption\">Conductor course with choir Cantinovum in spring 2022, playing Miriam by Pacius.<\/figcaption><\/figure>\n<figcaption class=\"blocks-gallery-caption wp-element-caption\">Galleriaan on koottu muutamia kuvia Sinfiksest\u00e4 eri projekteissa.<\/figcaption><\/figure>\n\n\n\n<p>Sinfis on nuori, aktiivinen ja tavoitteellinen akateeminen orkesteri.&nbsp;Soittajat ovat p\u00e4\u00e4osin yliopiston ja ammattikorkeakoulun opiskelijoita. Sinfis onkin aktiivisesti mukana kampuksen el\u00e4m\u00e4ss\u00e4 esimerkiksi promootioteosten kantaesitysten muodossa (esimerkiksi Antti Auvisen <em>Promootios\u00e4vellys Kalteva<\/em>, series for choir and orchestra in 2010 and Jouni Koskim\u00e4ki's <em>Edelleen Kahdeksan<\/em> in 2019) and by participating in other university events. Sinfis is also participating in the city cultural life, by playing in for example Kauneimmat joululaulut and in student concerts.&nbsp;<\/p>\n\n\n\n<p>Sinfis soittaa musiikkia laidasta laitaan ja tarttuu kunnianhimoisesti isoihinkin teoksiin ja projekteihin. Viime vuosien merkkiteoksiin lukeutuvat muun muassa Mozartin <em>Requiem<\/em> vuodelta 2010, Dvorakin 9. sinfonia \u201c<em>Uudesta Maailmasta<\/em>\u201d vuodelta 2011, Madetojan 2. sinfonia vuona 2017 ja Beethovenin 7. sinfonia vuonna 2019. Nuorena ja pelottomana orkesterina Sinfis on onnistuneesti toteuttanut my\u00f6s ep\u00e4konventionaalisempia konsertteja, kuten Ultra Bra -tribuuttikonsertin vuonna 2017 sek\u00e4 mykk\u00e4elokuvakonsertin Charlie Chaplinin Sirkus vuonna 2019.<\/p>\n\n\n\n<figure class=\"wp-block-embed is-type-video is-provider-youtube wp-block-embed-youtube wp-embed-aspect-16-9 wp-has-aspect-ratio\"><div class=\"wp-block-embed__wrapper\">\n<iframe loading=\"lazy\" title=\"Sinfis: L&#039;Arlesienne Suite No 2. Farandole (end)\" width=\"525\" height=\"295\" src=\"https:\/\/www.youtube.com\/embed\/P1XlKGeKKi4?feature=oembed\" frameborder=\"0\" allow=\"accelerometer; autoplay; clipboard-write; encrypted-media; gyroscope; picture-in-picture; web-share\" referrerpolicy=\"strict-origin-when-cross-origin\" allowfullscreen><\/iframe>\n<\/div><figcaption class=\"wp-element-caption\">P\u00e4tk\u00e4 Sinfiksen syksyn 2021 konsertista Taulum\u00e4en kirkosta. Videolla kuullaan loppuosa G. Bizetin toisen L&#8217;Arlesienne-sarjan osasta Farandole. Orkesteria johtaa Mari Karppinen.<\/figcaption><\/figure>\n\n\n\n<p>Koronaviruspandemian alkaessa kev\u00e4\u00e4lll\u00e4 2020 Sinfis oli juuri valmistautumassa esitt\u00e4m\u00e4\u00e4n romanttisen musiikin konserttia, kun yhteiskunta sulkeutui. Konsertti peruttiin viikon varoitusajalla. Konsertti pidettiin samalla teemalla ja osittain samalla ohjelmistolla syksyll\u00e4 2021, ja konsertti p\u00e4\u00e4tti Sinfiksen koronatauon. Sinfiksess\u00e4 konserttien ja ylip\u00e4\u00e4t\u00e4\u00e4n kaiken toiminnan j\u00e4rjest\u00e4misest\u00e4 vastaavat orkesterilaiset itse orkesterin hallituksen ja muiden vastuuteht\u00e4vien kautta. <\/p>\n\n\n\n<figure class=\"wp-block-gallery has-nested-images columns-2 is-cropped wp-block-gallery-2 is-layout-flex wp-block-gallery-is-layout-flex\">\n<figure class=\"wp-block-image size-large\"><img loading=\"lazy\" decoding=\"async\" width=\"722\" height=\"1024\" data-id=\"1684\" src=\"https:\/\/www.sinfis.fi\/wp-content\/uploads\/2022\/08\/0001-722x1024.jpg\" alt=\"\" class=\"wp-image-1684\" srcset=\"https:\/\/www.sinfis.fi\/wp-content\/uploads\/2022\/08\/0001-722x1024.jpg 722w, https:\/\/www.sinfis.fi\/wp-content\/uploads\/2022\/08\/0001-211x300.jpg 211w, https:\/\/www.sinfis.fi\/wp-content\/uploads\/2022\/08\/0001-768x1089.jpg 768w, https:\/\/www.sinfis.fi\/wp-content\/uploads\/2022\/08\/0001-1083x1536.jpg 1083w, https:\/\/www.sinfis.fi\/wp-content\/uploads\/2022\/08\/0001-1444x2048.jpg 1444w, https:\/\/www.sinfis.fi\/wp-content\/uploads\/2022\/08\/0001-8x12.jpg 8w, https:\/\/www.sinfis.fi\/wp-content\/uploads\/2022\/08\/0001.jpg 1749w\" sizes=\"auto, (max-width: 722px) 100vw, 722px\" \/><\/figure>\n\n\n\n<figure class=\"wp-block-image size-large\"><img loading=\"lazy\" decoding=\"async\" width=\"722\" height=\"1024\" data-id=\"1686\" src=\"https:\/\/www.sinfis.fi\/wp-content\/uploads\/2022\/08\/0002-722x1024.jpg\" alt=\"\" class=\"wp-image-1686\" srcset=\"https:\/\/www.sinfis.fi\/wp-content\/uploads\/2022\/08\/0002-722x1024.jpg 722w, https:\/\/www.sinfis.fi\/wp-content\/uploads\/2022\/08\/0002-211x300.jpg 211w, https:\/\/www.sinfis.fi\/wp-content\/uploads\/2022\/08\/0002-768x1089.jpg 768w, https:\/\/www.sinfis.fi\/wp-content\/uploads\/2022\/08\/0002-1083x1536.jpg 1083w, https:\/\/www.sinfis.fi\/wp-content\/uploads\/2022\/08\/0002-1444x2048.jpg 1444w, https:\/\/www.sinfis.fi\/wp-content\/uploads\/2022\/08\/0002-8x12.jpg 8w, https:\/\/www.sinfis.fi\/wp-content\/uploads\/2022\/08\/0002.jpg 1749w\" sizes=\"auto, (max-width: 722px) 100vw, 722px\" \/><\/figure>\n\n\n\n<figure class=\"wp-block-image size-large\"><img loading=\"lazy\" decoding=\"async\" width=\"722\" height=\"1024\" data-id=\"1687\" src=\"https:\/\/www.sinfis.fi\/wp-content\/uploads\/2022\/08\/0003-722x1024.jpg\" alt=\"\" class=\"wp-image-1687\" srcset=\"https:\/\/www.sinfis.fi\/wp-content\/uploads\/2022\/08\/0003-722x1024.jpg 722w, https:\/\/www.sinfis.fi\/wp-content\/uploads\/2022\/08\/0003-211x300.jpg 211w, https:\/\/www.sinfis.fi\/wp-content\/uploads\/2022\/08\/0003-768x1089.jpg 768w, https:\/\/www.sinfis.fi\/wp-content\/uploads\/2022\/08\/0003-1083x1536.jpg 1083w, https:\/\/www.sinfis.fi\/wp-content\/uploads\/2022\/08\/0003-1444x2048.jpg 1444w, https:\/\/www.sinfis.fi\/wp-content\/uploads\/2022\/08\/0003-8x12.jpg 8w, https:\/\/www.sinfis.fi\/wp-content\/uploads\/2022\/08\/0003.jpg 1749w\" sizes=\"auto, (max-width: 722px) 100vw, 722px\" \/><\/figure>\n\n\n\n<figure class=\"wp-block-image size-large\"><img loading=\"lazy\" decoding=\"async\" width=\"722\" height=\"1024\" data-id=\"1688\" src=\"https:\/\/www.sinfis.fi\/wp-content\/uploads\/2022\/08\/0004-722x1024.jpg\" alt=\"\" class=\"wp-image-1688\" srcset=\"https:\/\/www.sinfis.fi\/wp-content\/uploads\/2022\/08\/0004-722x1024.jpg 722w, https:\/\/www.sinfis.fi\/wp-content\/uploads\/2022\/08\/0004-211x300.jpg 211w, https:\/\/www.sinfis.fi\/wp-content\/uploads\/2022\/08\/0004-768x1089.jpg 768w, https:\/\/www.sinfis.fi\/wp-content\/uploads\/2022\/08\/0004-1083x1536.jpg 1083w, https:\/\/www.sinfis.fi\/wp-content\/uploads\/2022\/08\/0004-1444x2048.jpg 1444w, https:\/\/www.sinfis.fi\/wp-content\/uploads\/2022\/08\/0004-8x12.jpg 8w, https:\/\/www.sinfis.fi\/wp-content\/uploads\/2022\/08\/0004.jpg 1749w\" sizes=\"auto, (max-width: 722px) 100vw, 722px\" \/><\/figure>\n<figcaption class=\"blocks-gallery-caption wp-element-caption\">K\u00e4siohjelma Sinfiksen syksyn 2021 konsertista Romanttinen ilta. K\u00e4siohjelman suunnitteli ja taittoi Sofia Kyll\u00f6nen. <\/figcaption><\/figure>\n\n\n\n<p>Sinfis tekee yhteisty\u00f6t\u00e4 monien tahojen, kuten paikallisten kirkkojen ja oppilaistosten kanssa. Viimeisimp\u00e4n\u00e4 yhteisty\u00f6projektina oli kev\u00e4\u00e4n 2022 kapellimestarikurssi, joka piti alunperin toteuttaa jo vuonna 2020. Kurssin p\u00e4\u00e4j\u00e4rjest\u00e4j\u00e4n\u00e4 toimi Pirkanmaan Pinna ja Sinfis toimi kurssin harjoitusorkesterina kapellimestarioppilaille. Syksyll\u00e4 2022 suunnitelmissa on puolestaan yhteiskonsertti toisen yliopiston orkesterin, puhallinorkesteri Puhkupillien kanssa. <\/p>\n\n\n\n<p>Sinfis on my\u00f6s esitt\u00e4nyt useita nuorten s\u00e4velt\u00e4jien teosten kantaesityksi\u00e4, esimerkiksi Janne Ikosen <em>Soihdunkantaja<\/em> vuonna 2004, Rolf Gustafssonin <em>Voyage Begins<\/em>, Sakari Viitalan <em>Xylofonikonsertto D-duuri<\/em> vuonna 2018 ja Riki Hakulisen <em>Siivett\u00f6m\u00e4t<\/em> vuonna 2023 sek\u00e4 Felix Sutinen-Lo\u00dfin <em>Sarja sinfoniaorkesterille<\/em> vuonna 2025. Nuorten s\u00e4velt\u00e4jien lis\u00e4ksi Sinfis haluaa tehd\u00e4 yhteisty\u00f6t\u00e4 nuorten solistien kanssa ja sit\u00e4 kautta tarjota heille mahdollisuuden kehitt\u00e4\u00e4 omaa muusikkouttaan ja soittaa ison orkesterin kanssa. Solisteina ovat toimineet mm. Elisar Riddelin, Lauri Forst\u00e9n, Sakari Viitala ja Annastiina Tahkola.<\/p>\n\n\n\n<figure class=\"wp-block-embed is-type-video is-provider-youtube wp-block-embed-youtube aligncenter wp-embed-aspect-16-9 wp-has-aspect-ratio\"><div class=\"wp-block-embed__wrapper\">\n<iframe loading=\"lazy\" title=\"Sinfis: Karelia-sarja\" width=\"525\" height=\"295\" src=\"https:\/\/www.youtube.com\/embed\/qB6zkHy6dEs?feature=oembed\" frameborder=\"0\" allow=\"accelerometer; autoplay; clipboard-write; encrypted-media; gyroscope; picture-in-picture; web-share\" referrerpolicy=\"strict-origin-when-cross-origin\" allowfullscreen><\/iframe>\n<\/div><figcaption class=\"wp-element-caption\">Videolla Sinfis soittaa J. Sibeliuksen Karelia-sarjan. Video on kuvattu kev\u00e4\u00e4ll\u00e4 2022 Jyv\u00e4skyl\u00e4ss\u00e4 j\u00e4rjestetyn kapellimestarikurssin yhteydess\u00e4, jossa Sinfis toimi kurssin harjoitusorkesterina. Videolla orkesteria johtavat kurssin kapellimestarioppilaat. Osat l\u00f6ytyv\u00e4t seuraavasti: I Intermezzo 00:10, II Ballade 04:25, III Alla marcia 12:32.<\/figcaption><\/figure>\n\n\n\n<p>Sinfis on tehnyt my\u00f6s ulkomaanmatkoja. Esimerkiksi vuonna 2008 orkesteri teki konserttimatkan Saksaan W\u00fcrzburgiin ja N\u00fcrnbergiin. <\/p>\n\n\n\n<figure class=\"wp-block-image size-large\"><img loading=\"lazy\" decoding=\"async\" width=\"1024\" height=\"683\" src=\"https:\/\/www.sinfis.fi\/wp-content\/uploads\/2022\/08\/c-1024x683.jpg\" alt=\"\" class=\"wp-image-1696\" srcset=\"https:\/\/www.sinfis.fi\/wp-content\/uploads\/2022\/08\/c-1024x683.jpg 1024w, https:\/\/www.sinfis.fi\/wp-content\/uploads\/2022\/08\/c-300x200.jpg 300w, https:\/\/www.sinfis.fi\/wp-content\/uploads\/2022\/08\/c-768x512.jpg 768w, https:\/\/www.sinfis.fi\/wp-content\/uploads\/2022\/08\/c-1536x1024.jpg 1536w, https:\/\/www.sinfis.fi\/wp-content\/uploads\/2022\/08\/c-2048x1365.jpg 2048w, https:\/\/www.sinfis.fi\/wp-content\/uploads\/2022\/08\/c-18x12.jpg 18w\" sizes=\"auto, (max-width: 767px) 89vw, (max-width: 1000px) 54vw, (max-width: 1071px) 543px, 580px\" \/><\/figure>","protected":false},"excerpt":{"rendered":"<p>Jyv\u00e4skyl\u00e4n yliopiston sinfoniaorkesteri Sinfis on perustettu vuonna 1993 yht\u00e4 tarkoitusta varten: soittamaan opettajankouluslaitoksen marraskuiseen vuosijuhlaan. Orkesteri kuitenkin vakiinnutti toimintansa ja on nykyisin noin 50 soittajan kokoinen. Sinfis on nuori, aktiivinen ja tavoitteellinen akateeminen orkesteri.&nbsp;Soittajat ovat p\u00e4\u00e4osin yliopiston ja ammattikorkeakoulun opiskelijoita. Sinfis onkin aktiivisesti mukana kampuksen el\u00e4m\u00e4ss\u00e4 esimerkiksi promootioteosten kantaesitysten muodossa (esimerkiksi Antti Auvisen Promootios\u00e4vellys Kalteva, &hellip; <\/p>\n<p class=\"link-more\"><a href=\"https:\/\/www.sinfis.fi\/en\/sinfiksen-portfolio\/\" class=\"more-link\">Continue reading<span class=\"screen-reader-text\"> &#8221;Sinfiksen portfolio&#8221;<\/span><\/a><\/p>","protected":false},"author":1,"featured_media":1697,"parent":0,"menu_order":0,"comment_status":"closed","ping_status":"closed","template":"","meta":{"footnotes":""},"class_list":["post-1658","page","type-page","status-publish","has-post-thumbnail","hentry"],"_links":{"self":[{"href":"https:\/\/www.sinfis.fi\/en\/wp-json\/wp\/v2\/pages\/1658","targetHints":{"allow":["GET"]}}],"collection":[{"href":"https:\/\/www.sinfis.fi\/en\/wp-json\/wp\/v2\/pages"}],"about":[{"href":"https:\/\/www.sinfis.fi\/en\/wp-json\/wp\/v2\/types\/page"}],"author":[{"embeddable":true,"href":"https:\/\/www.sinfis.fi\/en\/wp-json\/wp\/v2\/users\/1"}],"replies":[{"embeddable":true,"href":"https:\/\/www.sinfis.fi\/en\/wp-json\/wp\/v2\/comments?post=1658"}],"version-history":[{"count":17,"href":"https:\/\/www.sinfis.fi\/en\/wp-json\/wp\/v2\/pages\/1658\/revisions"}],"predecessor-version":[{"id":1986,"href":"https:\/\/www.sinfis.fi\/en\/wp-json\/wp\/v2\/pages\/1658\/revisions\/1986"}],"wp:featuredmedia":[{"embeddable":true,"href":"https:\/\/www.sinfis.fi\/en\/wp-json\/wp\/v2\/media\/1697"}],"wp:attachment":[{"href":"https:\/\/www.sinfis.fi\/en\/wp-json\/wp\/v2\/media?parent=1658"}],"curies":[{"name":"wp","href":"https:\/\/api.w.org\/{rel}","templated":true}]}}