{"id":1523,"date":"2021-08-23T17:30:42","date_gmt":"2021-08-23T15:30:42","guid":{"rendered":"https:\/\/www.sinfis.net\/?page_id=1523"},"modified":"2021-09-18T14:47:32","modified_gmt":"2021-09-18T12:47:32","slug":"yhdistyksen-saannot","status":"publish","type":"page","link":"https:\/\/www.sinfis.fi\/en\/yhdistyksen-saannot\/","title":{"rendered":"Rules of the association in Finnish"},"content":{"rendered":"<p><strong>1\u00a7 Yhdistyksen nimi ja kotipaikka<\/strong><br>Yhdistyksen nimi on Jyv\u00e4skyl\u00e4n yliopiston sinfoniaorkesteri ja kotipaikka Jyv\u00e4skyl\u00e4.<\/p>\n\n\n\n<div class=\"wp-block-group\"><div class=\"wp-block-group__inner-container is-layout-flow wp-block-group-is-layout-flow\">\n<p><strong>2\u00a7 Yhdistyksen tarkoitus ja toiminnan laatu<\/strong><br>Yhdistyksen tarkoitus on edist\u00e4\u00e4 orkesterimusiikin tuntemusta ja harrastusta kotipaikkakunnallaan ja erityisesti kotipaikkakunnan opiskelijoiden keskuudessa.<\/p>\n\n\n\n<p>Tarkoituksensa toteuttamiseksi yhdistys j\u00e4rjest\u00e4\u00e4 harjoituksia ja konsertteja ja tarkoituksensa puitteissa muita tilaisuuksia sek\u00e4 harjoittaa yhteisty\u00f6t\u00e4 Jyv\u00e4skyl\u00e4n yliopiston, suomalaisten kulttuuriorganisaatioiden, erilaisten musiikki- ja konserttitapahtumia j\u00e4rjest\u00e4vien organisaatioiden sek\u00e4 muiden sinfoniaorkestereiden ja musiikin harrastajien kesken. <\/p>\n\n\n\n<p>Tarvittavat varat yhdistys saa, hankittuaan tarvittaessa asianomaisen viranomaisen luvan, ker\u00e4\u00e4m\u00e4ll\u00e4 kannatusj\u00e4senmaksuja, kokoamalla ja vastaanottamalla avustuksia, lahjoituksia ja testamentteja, j\u00e4rjest\u00e4m\u00e4ll\u00e4 konsertteja, juhlia, ker\u00e4yksi\u00e4 ja arpajaisia. Yhdistys voi omistaa toimintaansa varten tarpeellista kiinte\u00e4\u00e4 ja irtainta omaisuutta. Yhdistyksen j\u00e4sen ei saa palkkiota esiintymisist\u00e4\u00e4n yhdistyksen j\u00e4rjest\u00e4miss\u00e4 tilaisuuksissa. <\/p>\n\n\n\n<p>Yhdistyksen tarkoituksena ei ole voiton tai muun v\u00e4litt\u00f6m\u00e4n taloudellisen ansion hankkiminen sen toimintaan osallistuville eik\u00e4 sen toiminta saa muutenkaan muodostua p\u00e4\u00e4asiassa taloudelliseksi.<\/p>\n<\/div><\/div>\n\n\n\n<div class=\"wp-block-group\"><div class=\"wp-block-group__inner-container is-layout-flow wp-block-group-is-layout-flow\">\n<p><strong>3\u00a7 J\u00e4senet<\/strong><br>Yhdistyksen varsinaiseksi j\u00e4seneksi voidaan hyv\u00e4ksy\u00e4 henkil\u00f6, joka hyv\u00e4ksyy yhdistyksen tarkoituksen ja s\u00e4\u00e4nn\u00f6t. Kannatusj\u00e4seneksi voidaan hyv\u00e4ksy\u00e4 yksityinen henkil\u00f6 tai oikeuskelpoinen yhteis\u00f6, joka haluaa tukea yhdistyksen tarkoitusta ja toimintaa. Varsinaiset j\u00e4senet ja kannatusj\u00e4senet hyv\u00e4ksyy hakemuksesta yhdistyksen hallitus. Kunniaj\u00e4seneksi voidaan hyv\u00e4ksy\u00e4 henkil\u00f6 tai oikeuskelpoinen yhteis\u00f6, jonka yhdistyksen kokous erityisten ansioiden perusteella t\u00e4llaiseksi j\u00e4seneksi kutsuu. <\/p>\n\n\n\n<p>J\u00e4senell\u00e4 on oikeus erota yhdistyksest\u00e4 ilmoittamalla siit\u00e4 kirjallisesti hallitukselle tai sen puheenjohtajalle, taikka ilmoittamalla eroamisesta yhdistyksen kokouksessa. Lis\u00e4ksi hallituksella on oikeus p\u00e4\u00e4tt\u00e4\u00e4 j\u00e4senen erottamisesta yhdistyslain 14\u00a7:ss\u00e4 mainituista syist\u00e4. <\/p>\n\n\n\n<p>Yhdistyksen hallituksen on pidett\u00e4v\u00e4 j\u00e4senist\u00e4 luetteloa, jossa on kunkin j\u00e4senen t\u00e4ydellinen nimi, kotipaikka, s\u00e4hk\u00f6posti ja muut tarpeelliset tiedot. J\u00e4senen tulee j\u00e4senyytt\u00e4 hakiessaan sek\u00e4 luetteloon merkittyjen tietojensa muuttuessa ilmoittaa j\u00e4senluetteloon kirjattavat tiedot. Hallitus huolehtii, ett\u00e4 j\u00e4senluettelon pit\u00e4misess\u00e4 noudatetaan tietosuojalakia.<\/p>\n<\/div><\/div>\n\n\n\n<div class=\"wp-block-group\"><div class=\"wp-block-group__inner-container is-layout-flow wp-block-group-is-layout-flow\">\n<p><strong>4\u00a7 J\u00e4senmaksut ja j\u00e4senyys<\/strong><br>Varsinaisilta j\u00e4senilt\u00e4 ja kannatusj\u00e4senilt\u00e4 peritt\u00e4v\u00e4n vuotuisen j\u00e4senmaksun suuruudesta erikseen kummallekin j\u00e4senryhm\u00e4lle p\u00e4\u00e4tt\u00e4\u00e4 yhdistyksen vuosikokous. Kunniaj\u00e4senet ovat vapaat j\u00e4senmaksun suorittamisesta. <\/p>\n\n\n\n<p>Yhdistys voi katsoa j\u00e4senen eronneeksi yhdistyksest\u00e4, jos h\u00e4n ei ole maksanut viimeisimm\u00e4n p\u00e4\u00e4ttyneen tili- ja toimintakauden er\u00e4\u00e4ntynytt\u00e4 j\u00e4senmaksua kahden kuukauden kuluessa maksun er\u00e4\u00e4ntymisest\u00e4. J\u00e4senyyden p\u00e4\u00e4ttyess\u00e4 kesken tili- ja toimintakauden, j\u00e4senmaksua tai sen osaa ei palauteta.<\/p>\n<\/div><\/div>\n\n\n\n<div class=\"wp-block-group\"><div class=\"wp-block-group__inner-container is-layout-flow wp-block-group-is-layout-flow\">\n<p><strong>5\u00a7 Yhdistyksen hallitus<\/strong><br>Yhdistyksen asioita hoitaa vuosikokouksessa valittu hallitus, johon kuuluu puheenjohtaja ja 4-8 muuta j\u00e4sent\u00e4, sek\u00e4 2-6 varaj\u00e4sent\u00e4. Hallituksen toimikausi on vuosikokousten v\u00e4linen aika. <\/p>\n\n\n\n<p>Hallitus valitsee keskuudestaan varapuheenjohtajan, sek\u00e4 ottaa keskuudestaan tai ulkopuoleltaan sihteerin, rahastonhoitajan ja muut tarvittavat toimihenkil\u00f6t. Hallitus kokoontuu puheenjohtajan tai h\u00e4nen estyneen\u00e4 ollessaan varapuheenjohtajan kutsusta, kun he katsovat siihen olevan aihetta tai kun v\u00e4hint\u00e4\u00e4n kaksi (2) hallituksen j\u00e4sent\u00e4 niin vaatii. <\/p>\n\n\n\n<p>Hallitus on p\u00e4\u00e4t\u00f6svaltainen, kun v\u00e4hint\u00e4\u00e4n puolet sen j\u00e4senist\u00e4, puheenjohtaja tai varapuheenjohtaja mukaan luettuna on l\u00e4sn\u00e4. Asiat ratkaistaan yksinkertaisella \u00e4\u00e4nten enemmist\u00f6ll\u00e4. \u00c4\u00e4nten menness\u00e4 tasan ratkaisee puheenjohtajan \u00e4\u00e4ni, vaaleissa kuitenkin arpa. Hallitus voi p\u00e4\u00e4tt\u00e4\u00e4 yhdistyksen omaisuuden myymisest\u00e4, vaihtamisesta ja kiinnitt\u00e4misest\u00e4.<\/p>\n<\/div><\/div>\n\n\n\n<p><strong>6\u00a7 Yhdistyksen nimen kirjoittaminen<\/strong><br>Yhdistyksen nimen kirjoittaa hallituksen puheenjohtaja yksin tai kaksi muuta hallituksen j\u00e4sent\u00e4 yhdess\u00e4.<\/p>\n\n\n\n<p><strong>7\u00a7 Tili- ja toimintakausi<\/strong><br>Yhdistyksen tili- ja toimintakausi on 1.9.-31.8. Tilinp\u00e4\u00e4t\u00f6s tarvittavine asiakirjoineen ja hallituksen vuosikertomus on annettava toiminnantarkastajille viimeist\u00e4\u00e4n nelj\u00e4 (4) viikkoa ennen vuosikokousta. Toiminnantarkastajien tulee antaa kirjallinen lausuntonsa hallitukselle viimeist\u00e4\u00e4n kaksi (2) viikkoa ennen vuosikokousta.<\/p>\n\n\n\n<div class=\"wp-block-group\"><div class=\"wp-block-group__inner-container is-layout-flow wp-block-group-is-layout-flow\">\n<p><strong>8\u00a7 Yhdistyksen kokoukset<\/strong><br>Yhdistyksen kokoukseen voidaan osallistua hallituksen tai yhdistyksen kokouksen niin p\u00e4\u00e4tt\u00e4ess\u00e4 my\u00f6s tietoliikenneyhteyden tai muun teknisen apuv\u00e4lineen avulla kokouksen aikana tai ennen kokousta. Mik\u00e4li t\u00e4llainen mahdollisuus on tarjolla, asiasta on mainittava kokouskutsussa. <\/p>\n\n\n\n<p>Yhdistyksen vuosikokous pidet\u00e4\u00e4n vuosittain hallituksen m\u00e4\u00e4r\u00e4\u00e4m\u00e4n\u00e4 p\u00e4iv\u00e4n\u00e4 syys-marraskuun aikana. Ylim\u00e4\u00e4r\u00e4inen kokous pidet\u00e4\u00e4n, kun yhdistyksen kokous niin p\u00e4\u00e4tt\u00e4\u00e4 tai kun hallitus katsoo siihen olevan aihetta tai kun v\u00e4hint\u00e4\u00e4n yksi kymmenesosa (1\/10) yhdistyksen \u00e4\u00e4nioikeutetuista j\u00e4senist\u00e4 sit\u00e4 hallitukselta erityisesti ilmoitettua asiaa varten kirjallisesti vaatii. <\/p>\n\n\n\n<p>Yhdistyksen kokouksissa on jokaisella varsinaisella j\u00e4senell\u00e4 ja kunniaj\u00e4senell\u00e4 yksi (1) \u00e4\u00e4ni. Kannatusj\u00e4senell\u00e4 on kokouksessa l\u00e4sn\u00e4olo- ja puheoikeus. Yhdistyksen p\u00e4\u00e4t\u00f6kseksi tulee se mielipide, jota on kannattanut yli puolet annetuista \u00e4\u00e4nist\u00e4. \u00c4\u00e4nten menness\u00e4 tasan ratkaisee puheenjohtajan \u00e4\u00e4ni, vaaleissa kuitenkin arpa.<\/p>\n<\/div><\/div>\n\n\n\n<p><strong>9\u00a7 Yhdistyksen kokousten koollekutsuminen<\/strong><br>Yhdistyksen kokoukset kutsuu koolle hallitus viimeist\u00e4\u00e4n seitsem\u00e4n (7) p\u00e4iv\u00e4\u00e4 ennen kokousta s\u00e4hk\u00f6postitse tai yhdistyksen kotisivulla.<\/p>\n\n\n\n<div class=\"wp-block-group\"><div class=\"wp-block-group__inner-container is-layout-flow wp-block-group-is-layout-flow\">\n<p><strong>10\u00a7 Vuosikokous<\/strong><br>Yhdistyksen vuosikokouksessa k\u00e4sitell\u00e4\u00e4n seuraavat asiat:<\/p>\n\n\n\n<p>1. Kokouksen avaus<br>2. Valitaan kokouksen puheenjohtaja, sihteeri, kaksi p\u00f6yt\u00e4kirjantarkastajaa ja tarvittaessa kaksi \u00e4\u00e4ntenlaskijaa<br>3. Todetaan kokouksen laillisuus ja p\u00e4\u00e4t\u00f6svaltaisuus<br>4. Hyv\u00e4ksyt\u00e4\u00e4n kokouksen ty\u00f6j\u00e4rjestys<br>5. Esitet\u00e4\u00e4n tilinp\u00e4\u00e4t\u00f6s, vuosikertomus ja toiminnantarkastajien lausunto<br>6. P\u00e4\u00e4tet\u00e4\u00e4n tilinp\u00e4\u00e4t\u00f6ksen vahvistamisesta ja vastuuvapauden my\u00f6nt\u00e4misest\u00e4 hallitukselle ja muille vastuuvelvollisille<br>7. Vahvistetaan toimintasuunnitelma ja tulo- ja menoarvio<br>8. P\u00e4\u00e4tet\u00e4\u00e4n varsinaisten j\u00e4senten vuotuisen j\u00e4senmaksun ja kannatusj\u00e4senten vuotuisen ja kertakaikkisen kannatusj\u00e4senmaksun suuruus<br>9. Valitaan hallituksen puheenjohtaja, hallituksen muut varsinaiset j\u00e4senet ja varaj\u00e4senet sek\u00e4 muut tarvittavat vastuuhenkil\u00f6t<br>10. Valitaan yksi tai kaksi toiminnantarkastajaa ja varatoiminnantarkastajaa taikka yksi tai kaksi tilintarkastajaa ja varatilintarkastajaa seuraavalle toimikaudelle<br>11. K\u00e4sitell\u00e4\u00e4n muut kokouskutsussa mainitut asiat<\/p>\n\n\n\n<p>Mik\u00e4li yhdistyksen j\u00e4sen haluaa saada jonkin asian yhdistyksen vuosikokouksen k\u00e4sitelt\u00e4v\u00e4ksi, on h\u00e4nen siit\u00e4 kirjallisesti tai suullisesti ilmoitettava niin hyviss\u00e4 ajoin, ett\u00e4 asia voidaan sis\u00e4llytt\u00e4\u00e4 kokouskutsuun<\/p>\n<\/div><\/div>\n\n\n\n<p><strong>11\u00a7 S\u00e4\u00e4nt\u00f6jen muuttaminen ja yhdistyksen purkaminen<\/strong><br>P\u00e4\u00e4t\u00f6s s\u00e4\u00e4nt\u00f6jen muuttamisesta ja yhdistyksen purkamisesta on teht\u00e4v\u00e4 yhdistyksen kokouksessa v\u00e4hint\u00e4\u00e4n kolmen nelj\u00e4sosan (3\/4) enemmist\u00f6ll\u00e4 \u00e4\u00e4nestyksess\u00e4 annetuista \u00e4\u00e4nist\u00e4. Kokouskutsussa on mainittava s\u00e4\u00e4nt\u00f6jen muuttamisesta tai yhdistyksen purkamisesta. Yhdistyksen purkautuessa k\u00e4ytet\u00e4\u00e4n yhdistyksen varat yhdistyksen tarkoituksen edist\u00e4miseen purkautumisesta p\u00e4\u00e4tt\u00e4v\u00e4n kokouksen m\u00e4\u00e4r\u00e4\u00e4m\u00e4ll\u00e4 tavalla. Yhdistyksen tullessa lakkautetuksi k\u00e4ytet\u00e4\u00e4n varat samalla tavalla.<\/p>","protected":false},"excerpt":{"rendered":"<p>1\u00a7 Yhdistyksen nimi ja kotipaikkaYhdistyksen nimi on Jyv\u00e4skyl\u00e4n yliopiston sinfoniaorkesteri ja kotipaikka Jyv\u00e4skyl\u00e4. 2\u00a7 Yhdistyksen tarkoitus ja toiminnan laatuYhdistyksen tarkoitus on edist\u00e4\u00e4 orkesterimusiikin tuntemusta ja harrastusta kotipaikkakunnallaan ja erityisesti kotipaikkakunnan opiskelijoiden keskuudessa. Tarkoituksensa toteuttamiseksi yhdistys j\u00e4rjest\u00e4\u00e4 harjoituksia ja konsertteja ja tarkoituksensa puitteissa muita tilaisuuksia sek\u00e4 harjoittaa yhteisty\u00f6t\u00e4 Jyv\u00e4skyl\u00e4n yliopiston, suomalaisten kulttuuriorganisaatioiden, erilaisten musiikki- ja konserttitapahtumia &hellip; <\/p>\n<p class=\"link-more\"><a href=\"https:\/\/www.sinfis.fi\/en\/yhdistyksen-saannot\/\" class=\"more-link\">Continue reading<span class=\"screen-reader-text\"> &#8221;Yhdistyksen s\u00e4\u00e4nn\u00f6t&#8221;<\/span><\/a><\/p>","protected":false},"author":8,"featured_media":0,"parent":0,"menu_order":0,"comment_status":"closed","ping_status":"closed","template":"","meta":{"footnotes":""},"class_list":["post-1523","page","type-page","status-publish","hentry"],"_links":{"self":[{"href":"https:\/\/www.sinfis.fi\/en\/wp-json\/wp\/v2\/pages\/1523","targetHints":{"allow":["GET"]}}],"collection":[{"href":"https:\/\/www.sinfis.fi\/en\/wp-json\/wp\/v2\/pages"}],"about":[{"href":"https:\/\/www.sinfis.fi\/en\/wp-json\/wp\/v2\/types\/page"}],"author":[{"embeddable":true,"href":"https:\/\/www.sinfis.fi\/en\/wp-json\/wp\/v2\/users\/8"}],"replies":[{"embeddable":true,"href":"https:\/\/www.sinfis.fi\/en\/wp-json\/wp\/v2\/comments?post=1523"}],"version-history":[{"count":2,"href":"https:\/\/www.sinfis.fi\/en\/wp-json\/wp\/v2\/pages\/1523\/revisions"}],"predecessor-version":[{"id":1596,"href":"https:\/\/www.sinfis.fi\/en\/wp-json\/wp\/v2\/pages\/1523\/revisions\/1596"}],"wp:attachment":[{"href":"https:\/\/www.sinfis.fi\/en\/wp-json\/wp\/v2\/media?parent=1523"}],"curies":[{"name":"wp","href":"https:\/\/api.w.org\/{rel}","templated":true}]}}