{"id":1458,"date":"2021-07-02T13:26:35","date_gmt":"2021-07-02T11:26:35","guid":{"rendered":"https:\/\/www.sinfis.net\/?page_id=1458"},"modified":"2026-01-28T14:32:52","modified_gmt":"2026-01-28T12:32:52","slug":"1990-luku","status":"publish","type":"page","link":"https:\/\/www.sinfis.fi\/en\/1990-luku\/","title":{"rendered":"1990s"},"content":{"rendered":"<h1 class=\"wp-block-heading\"><strong>1999<\/strong><\/h1>\n\n\n\n<div class=\"wp-block-group\"><div class=\"wp-block-group__inner-container is-layout-flow wp-block-group-is-layout-flow\">\n<h3 class=\"wp-block-heading\"><strong>Joulukonsertti<\/strong><\/h3>\n\n\n\n<p>15.12.1999 Taulum\u00e4en kirkossa yliopiston lapsi- ja nuorisokuorojen kanssa<\/p>\n<\/div><\/div>\n\n\n\n<div class=\"wp-block-group\"><div class=\"wp-block-group__inner-container is-layout-flow wp-block-group-is-layout-flow\">\n<h3 class=\"wp-block-heading\"><strong>T\u2019an go! -levynjulkistamiskonsertit<\/strong><\/h3>\n\n\n\n<p>Jyv\u00e4skyl\u00e4ss\u00e4 joulukuussa ja Suolahdessa marraskuussa 1999<\/p>\n<\/div><\/div>\n\n\n\n<div class=\"wp-block-group\"><div class=\"wp-block-group__inner-container is-layout-flow wp-block-group-is-layout-flow\">\n<div class=\"wp-block-group\"><div class=\"wp-block-group__inner-container is-layout-flow wp-block-group-is-layout-flow\">\n<div class=\"wp-block-group\"><div class=\"wp-block-group__inner-container is-layout-flow wp-block-group-is-layout-flow\">\n<h3 class=\"wp-block-heading\"><strong>Yl\u00e4kaupungin y\u00f6<\/strong><\/h3>\n\n\n\n<p>23.5.1999<\/p>\n\n\n\n<h5 class=\"wp-block-heading\">Program:<\/h5>\n\n\n\n<p>Rautavaara: Pelimannit<br>Sibelius: Preludio<br>Hylkil\u00e4: Missing a Lost Friend<br>Khachaturian: 9 pohjoista tarinaa<\/p>\n<\/div><\/div>\n<\/div><\/div>\n<\/div><\/div>\n\n\n\n<div class=\"wp-block-group\"><div class=\"wp-block-group__inner-container is-layout-flow wp-block-group-is-layout-flow\">\n<div class=\"wp-block-group\"><div class=\"wp-block-group__inner-container is-layout-flow wp-block-group-is-layout-flow\">\n<h3 class=\"wp-block-heading\"><strong>Produktio<\/strong><\/h3>\n\n\n\n<p>20.-22.4.1999 yhteisty\u00f6ss\u00e4 etnob\u00e4ndi Arctic Factoryn kanssa<\/p>\n\n\n\n<p>Jyv\u00e4skyl\u00e4 \/ Kaustinen\/ Kauhajoki<\/p>\n<\/div><\/div>\n<\/div><\/div>\n\n\n\n<div class=\"wp-block-group\"><div class=\"wp-block-group__inner-container is-layout-flow wp-block-group-is-layout-flow\">\n<div class=\"wp-block-group\"><div class=\"wp-block-group__inner-container is-layout-flow wp-block-group-is-layout-flow\">\n<h3 class=\"wp-block-heading\"><strong>Kanteleliiton juhlakonsertti<\/strong><\/h3>\n\n\n\n<p>Kouvolassa<\/p>\n\n\n\n<h5 class=\"wp-block-heading\">Program:<\/h5>\n\n\n\n<p>Kostiainen: Kanteleconcertino<\/p>\n\n\n\n<h6 class=\"wp-block-heading\"><strong>Solistina<\/strong>: <\/h6>\n\n\n\n<p>Elisa Kerola-Tuuri<\/p>\n<\/div><\/div>\n<\/div><\/div>\n\n\n\n<div class=\"wp-block-group\"><div class=\"wp-block-group__inner-container is-layout-flow wp-block-group-is-layout-flow\">\n<h3 class=\"wp-block-heading\"><strong>Sointeja, v\u00e4rej\u00e4 el\u00e4m\u00e4nkuvia -produktio<\/strong><\/h3>\n\n\n\n<p>Jyv\u00e4skyl\u00e4n yliopiston vuosijuhlassa ja Savoy-teatterissa Helsingiss\u00e4<\/p>\n<\/div><\/div>\n\n\n\n<h1 class=\"wp-block-heading\"><strong>1998<\/strong><\/h1>\n\n\n\n<div class=\"wp-block-group\"><div class=\"wp-block-group__inner-container is-layout-flow wp-block-group-is-layout-flow\">\n<h3 class=\"wp-block-heading\"><strong>Kauneimmat joululaulut<\/strong><\/h3>\n\n\n\n<p>Keltinm\u00e4en kirkko<\/p>\n<\/div><\/div>\n\n\n\n<div class=\"wp-block-group\"><div class=\"wp-block-group__inner-container is-layout-flow wp-block-group-is-layout-flow\">\n<h3 class=\"wp-block-heading\"><strong>Jyv\u00e4skyl\u00e4n kaupungin itsen\u00e4isyysjuhla<\/strong><\/h3>\n\n\n\n<p>6.12.1998<\/p>\n<\/div><\/div>\n\n\n\n<div class=\"wp-block-group\"><div class=\"wp-block-group__inner-container is-layout-flow wp-block-group-is-layout-flow\">\n<h3 class=\"wp-block-heading\"><strong>Sinfiksen 5-vuotisjuhlakonsertit<\/strong><\/h3>\n\n\n\n<p>28.11.1998 Jyv\u00e4skyl\u00e4<\/p>\n\n\n\n<p>26.11.1998 Tampere<\/p>\n\n\n\n<p>23.11.1998 Mikkeli<\/p>\n<\/div><\/div>\n\n\n\n<div class=\"wp-block-group\"><div class=\"wp-block-group__inner-container is-layout-flow wp-block-group-is-layout-flow\">\n<h3 class=\"wp-block-heading\"><strong>Yliopiston avajaiset<\/strong><\/h3>\n\n\n\n<p>Syyskuu<\/p>\n<\/div><\/div>\n\n\n\n<div class=\"wp-block-group\"><div class=\"wp-block-group__inner-container is-layout-flow wp-block-group-is-layout-flow\">\n<h3 class=\"wp-block-heading\"><strong>Konsertti Yl\u00e4kaupungin y\u00f6ss\u00e4<\/strong><\/h3>\n\n\n\n<h5 class=\"wp-block-heading\">Program:<\/h5>\n\n\n\n<p>Grieg: A-molli pianokonsertto<br>Mendelssohn: Hebridit-alkusoitto<br>Ravel: Bolero<\/p>\n\n\n\n<h6 class=\"wp-block-heading\"><strong>Soloist:<\/strong> <\/h6>\n\n\n\n<p>pianisti Terhi J\u00e4\u00e4skel\u00e4inen<\/p>\n\n\n\n<h6 class=\"wp-block-heading\"><strong>Kapellimestarivieraana:<\/strong> <\/h6>\n\n\n\n<p>Jyri Nissil\u00e4<\/p>\n<\/div><\/div>\n\n\n\n<div class=\"wp-block-group\"><div class=\"wp-block-group__inner-container is-layout-flow wp-block-group-is-layout-flow\">\n<h3 class=\"wp-block-heading\"><strong>Saksan kiertue huhti-toukokuun vaihteessa 1998<\/strong><\/h3>\n\n\n\n<p>D\u00fcsseldorf \/ Jena \/ Hampuri<\/p>\n\n\n\n<h5 class=\"wp-block-heading\">Program:<\/h5>\n\n\n\n<p>Linkola: Lumikuningatar tanssii<br>Englund: Valkoinen peura<br>Kostiainen: Kanteleconcertino<br>Pohjola: Sinfonia nro 1<\/p>\n\n\n\n<h6 class=\"wp-block-heading\"><strong>Soloist:<\/strong> <\/h6>\n\n\n\n<p>Elisa Kerola-Tuuri<\/p>\n\n\n\n<h6 class=\"wp-block-heading\"><strong>Kapellimestareina:<\/strong> <\/h6>\n\n\n\n<p>K. H\u00e4m\u00e4l\u00e4inen ja M. Lankinen<\/p>\n<\/div><\/div>\n\n\n\n<div class=\"wp-block-group\"><div class=\"wp-block-group__inner-container is-layout-flow wp-block-group-is-layout-flow\">\n<h3 class=\"wp-block-heading\"><strong>Suomen kiertue<\/strong><\/h3>\n\n\n\n<p>Konsertit 20.4.1998 Jyv\u00e4skyl\u00e4ss\u00e4 ja 19.4.1998 Suolahdessa<\/p>\n\n\n\n<h5 class=\"wp-block-heading\">Program:<\/h5>\n\n\n\n<p>Englund: Valkoinen peura<br>Linkola: Lumikuningatar tanssii<br>Kostiainen: Kanteleconcertino<br>Pohjola: Sinfonia nro 1<\/p>\n\n\n\n<h6 class=\"wp-block-heading\"><strong>Soloist:<\/strong> <\/h6>\n\n\n\n<p>Elisa Kerola-Tuuri<\/p>\n\n\n\n<h6 class=\"wp-block-heading\"><strong>Kapellimestareina:<\/strong> <\/h6>\n\n\n\n<p>K. H\u00e4m\u00e4l\u00e4inen ja M. Lankinen<\/p>\n<\/div><\/div>\n\n\n\n<div class=\"wp-block-group\"><div class=\"wp-block-group__inner-container is-layout-flow wp-block-group-is-layout-flow\">\n<h3 class=\"wp-block-heading\"><strong>Elina Kivel\u00e4n 20-vuotistaiteilijajuhlakonsertti<\/strong><\/h3>\n\n\n\n<p>4.4.1998 Siltasali<\/p>\n<\/div><\/div>\n\n\n\n<div class=\"wp-block-group\"><div class=\"wp-block-group__inner-container is-layout-flow wp-block-group-is-layout-flow\">\n<h3 class=\"wp-block-heading\"><strong>Jyv\u00e4skyl\u00e4n yliopiston vuosijuhla<\/strong><\/h3>\n\n\n\n<p>Maaliskuu<\/p>\n<\/div><\/div>\n\n\n\n<div class=\"wp-block-group\"><div class=\"wp-block-group__inner-container is-layout-flow wp-block-group-is-layout-flow\">\n<h3 class=\"wp-block-heading\"><strong>Vihki\u00e4istilaisuus<\/strong><\/h3>\n\n\n\n<p>15.1.1998 Jyv\u00e4skyl\u00e4n teknologiakeskus Oy:n ja yliopiston soveltavan kemian toimitilojen vihki\u00e4istilaisuus.<\/p>\n<\/div><\/div>\n\n\n\n<h1 class=\"wp-block-heading\"><strong>1997<\/strong><\/h1>\n\n\n\n<div class=\"wp-block-group\"><div class=\"wp-block-group__inner-container is-layout-flow wp-block-group-is-layout-flow\">\n<h3 class=\"wp-block-heading\"><strong>Kauneimmat joululaulut<\/strong><\/h3>\n\n\n\n<p>Keltinm\u00e4enkirkko<\/p>\n<\/div><\/div>\n\n\n\n<div class=\"wp-block-group\"><div class=\"wp-block-group__inner-container is-layout-flow wp-block-group-is-layout-flow\">\n<h3 class=\"wp-block-heading\"><strong>Aino-musiikkin\u00e4ytelm\u00e4<\/strong><\/h3>\n\n\n\n<p>20.-30.11.1997 yhteisty\u00f6ss\u00e4 teatteriyhdistys Tritonus ry:n kanssa<\/p>\n<\/div><\/div>\n\n\n\n<h3 class=\"wp-block-heading\"><strong>Yliopiston avajaiset<\/strong><\/h3>\n\n\n\n<div class=\"wp-block-group\"><div class=\"wp-block-group__inner-container is-layout-flow wp-block-group-is-layout-flow\">\n<h3 class=\"wp-block-heading\"><strong>Yl\u00e4kaupungin y\u00f6<\/strong><\/h3>\n\n\n\n<p>24.5.1997<\/p>\n<\/div><\/div>\n\n\n\n<div class=\"wp-block-group\"><div class=\"wp-block-group__inner-container is-layout-flow wp-block-group-is-layout-flow\">\n<h3 class=\"wp-block-heading\"><strong>Konsertti<\/strong><\/h3>\n\n\n\n<p>13.5.1997 Yliopiston juhlasali<\/p>\n\n\n\n<h5 class=\"wp-block-heading\">Program:<\/h5>\n\n\n\n<p>Sibelius: Karelia-sarja op.11<br>Sallinen: 14 Juventas-variaatiota<br>Pohjola: Sinfonia nro 1<\/p>\n<\/div><\/div>\n\n\n\n<h1 class=\"wp-block-heading\"><strong>1996<\/strong><\/h1>\n\n\n\n<div class=\"wp-block-group\"><div class=\"wp-block-group__inner-container is-layout-flow wp-block-group-is-layout-flow\">\n<h3 class=\"wp-block-heading\"><strong>Jouluihme-levynjulkistamiskonsertti<\/strong><\/h3>\n\n\n\n<p>9.12.1996<\/p>\n<\/div><\/div>\n\n\n\n<h3 class=\"wp-block-heading\"><strong>Yliopiston avajaiset<\/strong><\/h3>\n\n\n\n<div class=\"wp-block-group\"><div class=\"wp-block-group__inner-container is-layout-flow wp-block-group-is-layout-flow\">\n<h3 class=\"wp-block-heading\"><strong>Yliopiston ensimm\u00e4inen promootio<\/strong><\/h3>\n\n\n\n<p>Kantaesityksen\u00e4 Pekka Kostiaisen Promootiosarja<\/p>\n<\/div><\/div>\n\n\n\n<h3 class=\"wp-block-heading\"><strong>Konsertti Yl\u00e4kaupungin y\u00f6ss\u00e4<\/strong><\/h3>\n\n\n\n<div class=\"wp-block-group\"><div class=\"wp-block-group__inner-container is-layout-flow wp-block-group-is-layout-flow\">\n<h3 class=\"wp-block-heading\"><strong>Konsertti<\/strong><\/h3>\n\n\n\n<p>21.5.1996 Yliopiston juhlasali<\/p>\n\n\n\n<p>Kostiainen \/ Mendelssohn \/ J\u00e4rnefelt \/ Klami<\/p>\n<\/div><\/div>\n\n\n\n<div class=\"wp-block-group\"><div class=\"wp-block-group__inner-container is-layout-flow wp-block-group-is-layout-flow\">\n<h3 class=\"wp-block-heading\"><strong>Yliopiston vuosijuhla<\/strong><\/h3>\n\n\n\n<p>7.3.1996<\/p>\n<\/div><\/div>\n\n\n\n<h1 class=\"wp-block-heading\"><strong>1995<\/strong><\/h1>\n\n\n\n<div class=\"wp-block-group\"><div class=\"wp-block-group__inner-container is-layout-flow wp-block-group-is-layout-flow\">\n<h3 class=\"wp-block-heading\"><strong>Konsertti<\/strong><\/h3>\n\n\n\n<p>11.12.1995 Yliopiston juhlasali<\/p>\n\n\n\n<p>Grieg \/ Suolahti \/ Merikanto<\/p>\n\n\n\n<h6 class=\"wp-block-heading\">Kapellimestareina:<\/h6>\n\n\n\n<p>Kari Kropsu ja Mari Lankinen<\/p>\n<\/div><\/div>\n\n\n\n<div class=\"wp-block-group\"><div class=\"wp-block-group__inner-container is-layout-flow wp-block-group-is-layout-flow\">\n<h3 class=\"wp-block-heading\"><strong>Elokuvamusiikin konsertti<\/strong><\/h3>\n\n\n\n<p>18.5.1995 yhteisty\u00f6ss\u00e4 Syrj\u00e4hypyn kanssa Savoy-teatterissa Helsingiss\u00e4<\/p>\n<\/div><\/div>\n\n\n\n<div class=\"wp-block-group\"><div class=\"wp-block-group__inner-container is-layout-flow wp-block-group-is-layout-flow\">\n<h3 class=\"wp-block-heading\"><strong>Elokuvamusiikin konsertti<\/strong><\/h3>\n\n\n\n<p>26.4.1995 yhteisty\u00f6ss\u00e4 Puhkupillien ja Syrj\u00e4hypyn kanssa.<\/p>\n<\/div><\/div>\n\n\n\n<div class=\"wp-block-group\"><div class=\"wp-block-group__inner-container is-layout-flow wp-block-group-is-layout-flow\">\n<h3 class=\"wp-block-heading\"><strong>Sinun silmiesi t\u00e4hden -musikaali<\/strong><\/h3>\n\n\n\n<p>22.3.-28.3.1995 musikaali Olavi Virran el\u00e4m\u00e4st\u00e4 yliopiston juhlasalissa<\/p>\n<\/div><\/div>\n\n\n\n<h1 class=\"wp-block-heading\"><strong>1994<\/strong><\/h1>\n\n\n\n<div class=\"wp-block-group\"><div class=\"wp-block-group__inner-container is-layout-flow wp-block-group-is-layout-flow\">\n<h3 class=\"wp-block-heading\"><strong>Joulukonsertti<\/strong><\/h3>\n\n\n\n<p>8.12.1994 Jyv\u00e4skyl\u00e4n yliopisto 60 vuotta -juhlavuoden joulukonsertti yhteisty\u00f6ss\u00e4 Fiamma Lucenten, lapsikuoron ja Musica-kuoron kanssa. <\/p>\n\n\n\n<h6 class=\"wp-block-heading\">Soloist:<\/h6>\n\n\n\n<p>Sirkka Lampim\u00e4ki<\/p>\n<\/div><\/div>\n\n\n\n<div class=\"wp-block-group\"><div class=\"wp-block-group__inner-container is-layout-flow wp-block-group-is-layout-flow\">\n<h3 class=\"wp-block-heading\"><strong>Yliopiston avajaiset<\/strong><\/h3>\n\n\n\n<p>7.9.1994<\/p>\n<\/div><\/div>\n\n\n\n<div class=\"wp-block-group\"><div class=\"wp-block-group__inner-container is-layout-flow wp-block-group-is-layout-flow\">\n<h3 class=\"wp-block-heading\"><strong>Konsertti<\/strong><\/h3>\n\n\n\n<p>16.5.1994 Kaupunginteatteri<\/p>\n<\/div><\/div>\n\n\n\n<div class=\"wp-block-group\"><div class=\"wp-block-group__inner-container is-layout-flow wp-block-group-is-layout-flow\">\n<h3 class=\"wp-block-heading\"><strong>Matinea<\/strong><\/h3>\n\n\n\n<p>28.3.1994 Keski-Suomen konservatorion sali<\/p>\n<\/div><\/div>\n\n\n\n<div class=\"wp-block-group\"><div class=\"wp-block-group__inner-container is-layout-flow wp-block-group-is-layout-flow\">\n<h3 class=\"wp-block-heading\"><strong>Yliopiston 60-vuotisjuhla<\/strong><\/h3>\n\n\n\n<p>6.3.1994<\/p>\n<\/div><\/div>\n\n\n\n<h1 class=\"wp-block-heading\"><strong>1993<\/strong><\/h1>\n\n\n\n<div class=\"wp-block-group\"><div class=\"wp-block-group__inner-container is-layout-flow wp-block-group-is-layout-flow\">\n<h3 class=\"wp-block-heading\"><strong>Konsertti<\/strong><\/h3>\n\n\n\n<p>16.12.1993 Ensimm\u00e4inen oma konsertti<\/p>\n<\/div><\/div>\n\n\n\n<div class=\"wp-block-group\"><div class=\"wp-block-group__inner-container is-layout-flow wp-block-group-is-layout-flow\">\n<h3 class=\"wp-block-heading\"><strong>OKL:n vuosijuhla<\/strong><\/h3>\n\n\n\n<p>12.11.1993<\/p>\n\n\n\n<p>Sinfis perustettiin t\u00e4t\u00e4 esiintymist\u00e4 varten. Orkesterin perustajina Kirsti H\u00e4m\u00e4l\u00e4inen ja Anita Manninen.<\/p>\n<\/div><\/div>","protected":false},"excerpt":{"rendered":"<p>1999 Joulukonsertti 15.12.1999 Taulum\u00e4en kirkossa yliopiston lapsi- ja nuorisokuorojen kanssa T\u2019an go! -levynjulkistamiskonsertit Jyv\u00e4skyl\u00e4ss\u00e4 joulukuussa ja Suolahdessa marraskuussa 1999 Yl\u00e4kaupungin y\u00f6 23.5.1999 Ohjelma: Rautavaara: PelimannitSibelius: PreludioHylkil\u00e4: Missing a Lost FriendKhachaturian: 9 pohjoista tarinaa Produktio 20.-22.4.1999 yhteisty\u00f6ss\u00e4 etnob\u00e4ndi Arctic Factoryn kanssa Jyv\u00e4skyl\u00e4 \/ Kaustinen\/ Kauhajoki Kanteleliiton juhlakonsertti Kouvolassa Ohjelma: Kostiainen: Kanteleconcertino Solistina: Elisa Kerola-Tuuri Sointeja, v\u00e4rej\u00e4 &hellip; <\/p>\n<p class=\"link-more\"><a href=\"https:\/\/www.sinfis.fi\/en\/1990-luku\/\" class=\"more-link\">Continue reading<span class=\"screen-reader-text\"> &#8221;1990-luku&#8221;<\/span><\/a><\/p>","protected":false},"author":1,"featured_media":0,"parent":0,"menu_order":0,"comment_status":"closed","ping_status":"closed","template":"","meta":{"footnotes":""},"class_list":["post-1458","page","type-page","status-publish","hentry"],"_links":{"self":[{"href":"https:\/\/www.sinfis.fi\/en\/wp-json\/wp\/v2\/pages\/1458","targetHints":{"allow":["GET"]}}],"collection":[{"href":"https:\/\/www.sinfis.fi\/en\/wp-json\/wp\/v2\/pages"}],"about":[{"href":"https:\/\/www.sinfis.fi\/en\/wp-json\/wp\/v2\/types\/page"}],"author":[{"embeddable":true,"href":"https:\/\/www.sinfis.fi\/en\/wp-json\/wp\/v2\/users\/1"}],"replies":[{"embeddable":true,"href":"https:\/\/www.sinfis.fi\/en\/wp-json\/wp\/v2\/comments?post=1458"}],"version-history":[{"count":6,"href":"https:\/\/www.sinfis.fi\/en\/wp-json\/wp\/v2\/pages\/1458\/revisions"}],"predecessor-version":[{"id":1465,"href":"https:\/\/www.sinfis.fi\/en\/wp-json\/wp\/v2\/pages\/1458\/revisions\/1465"}],"wp:attachment":[{"href":"https:\/\/www.sinfis.fi\/en\/wp-json\/wp\/v2\/media?parent=1458"}],"curies":[{"name":"wp","href":"https:\/\/api.w.org\/{rel}","templated":true}]}}