{"id":1456,"date":"2021-07-02T13:27:53","date_gmt":"2021-07-02T11:27:53","guid":{"rendered":"https:\/\/www.sinfis.net\/?page_id=1456"},"modified":"2023-06-21T13:17:49","modified_gmt":"2023-06-21T11:17:49","slug":"historiikki-luonnos","status":"publish","type":"page","link":"https:\/\/www.sinfis.fi\/en\/historiikki-luonnos\/","title":{"rendered":"Chronicle"},"content":{"rendered":"<p>In 1993 Sinfis was established by Kirsti H\u00e4m\u00e4l\u00e4inen and Anita Manninen. The orchestra was established for the anniversary of the teaching school. However, the orchestra took off and has been actively having concerts, gone on concert trips and made recordings. Behind the links are a look into Sinfis through the decades.<\/p>\n\n\n\n<div class=\"wp-block-columns are-vertically-aligned-top is-layout-flex wp-container-core-columns-is-layout-9d6595d7 wp-block-columns-is-layout-flex\">\n<div class=\"wp-block-column is-layout-flow wp-block-column-is-layout-flow\">\n<div class=\"wp-block-group\"><div class=\"wp-block-group__inner-container is-layout-flow wp-block-group-is-layout-flow\">\n<div class=\"wp-block-columns is-layout-flex wp-container-core-columns-is-layout-9d6595d7 wp-block-columns-is-layout-flex\">\n<div class=\"wp-block-column is-layout-flow wp-block-column-is-layout-flow\" style=\"flex-basis:100%\">\n<div class=\"wp-block-columns is-layout-flex wp-container-core-columns-is-layout-9d6595d7 wp-block-columns-is-layout-flex\">\n<div class=\"wp-block-column is-vertically-aligned-bottom is-layout-flow wp-block-column-is-layout-flow\" style=\"flex-basis:100%\">\n<div class=\"wp-block-columns is-layout-flex wp-container-core-columns-is-layout-9d6595d7 wp-block-columns-is-layout-flex\">\n<div class=\"wp-block-column is-layout-flow wp-block-column-is-layout-flow\" style=\"flex-basis:33.34%\">\n<figure class=\"wp-block-image size-large is-resized\"><img loading=\"lazy\" decoding=\"async\" src=\"https:\/\/www.sinfis.fi\/wp-content\/uploads\/2021\/09\/DSC1552-1024x683.jpg\" alt=\"\" class=\"wp-image-1582\" width=\"194\" height=\"129\" srcset=\"https:\/\/www.sinfis.fi\/wp-content\/uploads\/2021\/09\/DSC1552-1024x683.jpg 1024w, https:\/\/www.sinfis.fi\/wp-content\/uploads\/2021\/09\/DSC1552-300x200.jpg 300w, https:\/\/www.sinfis.fi\/wp-content\/uploads\/2021\/09\/DSC1552-768x512.jpg 768w, https:\/\/www.sinfis.fi\/wp-content\/uploads\/2021\/09\/DSC1552-1536x1024.jpg 1536w, https:\/\/www.sinfis.fi\/wp-content\/uploads\/2021\/09\/DSC1552-2048x1365.jpg 2048w, https:\/\/www.sinfis.fi\/wp-content\/uploads\/2021\/09\/DSC1552-18x12.jpg 18w\" sizes=\"auto, (max-width: 194px) 100vw, 194px\" \/><\/figure>\n\n\n\n<p>2020s<\/p>\n\n\n\n<p><a href=\"https:\/\/www.sinfis.fi\/en\/2020-luku\/\" data-type=\"page\" data-id=\"1566\">See more<\/a><\/p>\n<\/div>\n\n\n\n<div class=\"wp-block-column is-layout-flow wp-block-column-is-layout-flow\" style=\"flex-basis:33.34%\">\n<figure class=\"wp-block-image size-large is-resized is-style-default\"><img loading=\"lazy\" decoding=\"async\" src=\"https:\/\/www.sinfis.fi\/wp-content\/uploads\/2021\/09\/2010-1024x768.jpg\" alt=\"\" class=\"wp-image-1561\" width=\"182\" height=\"136\" srcset=\"https:\/\/www.sinfis.fi\/wp-content\/uploads\/2021\/09\/2010-1024x768.jpg 1024w, https:\/\/www.sinfis.fi\/wp-content\/uploads\/2021\/09\/2010-300x225.jpg 300w, https:\/\/www.sinfis.fi\/wp-content\/uploads\/2021\/09\/2010-768x576.jpg 768w, https:\/\/www.sinfis.fi\/wp-content\/uploads\/2021\/09\/2010-1536x1152.jpg 1536w, https:\/\/www.sinfis.fi\/wp-content\/uploads\/2021\/09\/2010-2048x1536.jpg 2048w, https:\/\/www.sinfis.fi\/wp-content\/uploads\/2021\/09\/2010-16x12.jpg 16w\" sizes=\"auto, (max-width: 182px) 100vw, 182px\" \/><\/figure>\n\n\n\n<p>2010s<\/p>\n\n\n\n<p><a href=\"https:\/\/www.sinfis.fi\/en\/2010-luku\/\" data-type=\"page\" data-id=\"1494\">See more<\/a><\/p>\n<\/div>\n\n\n\n<div class=\"wp-block-column is-layout-flow wp-block-column-is-layout-flow\" style=\"flex-basis:33.33%\">\n<figure class=\"wp-block-image size-large is-resized is-style-default\"><img loading=\"lazy\" decoding=\"async\" src=\"https:\/\/www.sinfis.fi\/wp-content\/uploads\/2021\/09\/2000-1024x768.jpg\" alt=\"\" class=\"wp-image-1560\" width=\"179\" height=\"134\" srcset=\"https:\/\/www.sinfis.fi\/wp-content\/uploads\/2021\/09\/2000-1024x768.jpg 1024w, https:\/\/www.sinfis.fi\/wp-content\/uploads\/2021\/09\/2000-300x225.jpg 300w, https:\/\/www.sinfis.fi\/wp-content\/uploads\/2021\/09\/2000-768x576.jpg 768w, https:\/\/www.sinfis.fi\/wp-content\/uploads\/2021\/09\/2000-1536x1152.jpg 1536w, https:\/\/www.sinfis.fi\/wp-content\/uploads\/2021\/09\/2000-2048x1536.jpg 2048w, https:\/\/www.sinfis.fi\/wp-content\/uploads\/2021\/09\/2000-16x12.jpg 16w\" sizes=\"auto, (max-width: 179px) 100vw, 179px\" \/><\/figure>\n\n\n\n<p>2000s<\/p>\n\n\n\n<p><a href=\"https:\/\/www.sinfis.fi\/en\/2000-luku\/\">See more<\/a><\/p>\n<\/div>\n<\/div>\n<\/div>\n<\/div>\n<\/div>\n<\/div>\n<\/div><\/div>\n<\/div>\n<\/div>\n\n\n\n<div class=\"wp-block-columns are-vertically-aligned-top is-layout-flex wp-container-core-columns-is-layout-9d6595d7 wp-block-columns-is-layout-flex\">\n<div class=\"wp-block-column is-layout-flow wp-block-column-is-layout-flow\">\n<div class=\"wp-block-group\"><div class=\"wp-block-group__inner-container is-layout-flow wp-block-group-is-layout-flow\">\n<figure class=\"wp-block-image size-large is-style-default\"><img loading=\"lazy\" decoding=\"async\" width=\"627\" height=\"470\" src=\"https:\/\/www.sinfis.fi\/wp-content\/uploads\/2021\/09\/1990.jpg\" alt=\"\" class=\"wp-image-1559\" srcset=\"https:\/\/www.sinfis.fi\/wp-content\/uploads\/2021\/09\/1990.jpg 627w, https:\/\/www.sinfis.fi\/wp-content\/uploads\/2021\/09\/1990-300x225.jpg 300w, https:\/\/www.sinfis.fi\/wp-content\/uploads\/2021\/09\/1990-16x12.jpg 16w\" sizes=\"auto, (max-width: 627px) 100vw, 627px\" \/><\/figure>\n\n\n\n<p>1990s<\/p>\n\n\n\n<p class=\"has-text-align-left\"><a href=\"https:\/\/www.sinfis.fi\/en\/1990-luku\/\" data-type=\"page\" data-id=\"1458\">See more<\/a><\/p>\n<\/div><\/div>\n<\/div>\n\n\n\n<div class=\"wp-block-column is-layout-flow wp-block-column-is-layout-flow\"><\/div>\n\n\n\n<div class=\"wp-block-column is-layout-flow wp-block-column-is-layout-flow\"><\/div>\n<\/div>\n\n\n\n<div style=\"height:100px\" aria-hidden=\"true\" class=\"wp-block-spacer\"><\/div>\n\n\n\n<div style=\"height:100px\" aria-hidden=\"true\" class=\"wp-block-spacer\"><\/div>\n\n\n\n<p><\/p>","protected":false},"excerpt":{"rendered":"<p>Vuonna 1993 Kirsti H\u00e4m\u00e4l\u00e4inen ja Anita Manninen perustivat Jyv\u00e4skyl\u00e4n yliopistolla orkesterin OKL:n marraskuista vuosijuhlaa varten. Sinfis ei kuitenkaan j\u00e4\u00e4nyt yhden tapahtuman orkesteriksi. T\u00e4m\u00e4n j\u00e4lkeen orkesteri on menestyksekk\u00e4\u00e4si konsertoinut niin Suomessa kuin ulkomaillakin, toteuttanut n\u00e4ytt\u00e4vi\u00e4 esityksi\u00e4 ja tehnyt useita levytyksi\u00e4. Osattiinko viel\u00e4 alussa aavistaa, millaisen matkan orkesteri kulkisikaan vuosikymmenten vaihtuessa? Linkkien taakse on koottu konserteittain orkesterin &hellip; <\/p>\n<p class=\"link-more\"><a href=\"https:\/\/www.sinfis.fi\/en\/historiikki-luonnos\/\" class=\"more-link\">Continue reading<span class=\"screen-reader-text\"> &#8221;Historiikki&#8221;<\/span><\/a><\/p>","protected":false},"author":8,"featured_media":0,"parent":0,"menu_order":0,"comment_status":"closed","ping_status":"closed","template":"","meta":{"footnotes":""},"class_list":["post-1456","page","type-page","status-publish","hentry"],"_links":{"self":[{"href":"https:\/\/www.sinfis.fi\/en\/wp-json\/wp\/v2\/pages\/1456","targetHints":{"allow":["GET"]}}],"collection":[{"href":"https:\/\/www.sinfis.fi\/en\/wp-json\/wp\/v2\/pages"}],"about":[{"href":"https:\/\/www.sinfis.fi\/en\/wp-json\/wp\/v2\/types\/page"}],"author":[{"embeddable":true,"href":"https:\/\/www.sinfis.fi\/en\/wp-json\/wp\/v2\/users\/8"}],"replies":[{"embeddable":true,"href":"https:\/\/www.sinfis.fi\/en\/wp-json\/wp\/v2\/comments?post=1456"}],"version-history":[{"count":19,"href":"https:\/\/www.sinfis.fi\/en\/wp-json\/wp\/v2\/pages\/1456\/revisions"}],"predecessor-version":[{"id":1841,"href":"https:\/\/www.sinfis.fi\/en\/wp-json\/wp\/v2\/pages\/1456\/revisions\/1841"}],"wp:attachment":[{"href":"https:\/\/www.sinfis.fi\/en\/wp-json\/wp\/v2\/media?parent=1456"}],"curies":[{"name":"wp","href":"https:\/\/api.w.org\/{rel}","templated":true}]}}