{"id":121,"date":"2009-01-21T13:24:19","date_gmt":"2009-01-21T11:24:19","guid":{"rendered":"http:\/\/www.sinfis.net\/?page_id=121"},"modified":"2026-02-26T17:22:48","modified_gmt":"2026-02-26T15:22:48","slug":"tilaa-sinfis","status":"publish","type":"page","link":"https:\/\/www.sinfis.fi\/en\/tilaa-sinfis\/","title":{"rendered":"A gig from Sinfis?"},"content":{"rendered":"<p>Does your event need music?<\/p>\n\n\n\n<p>Ask Jyv\u00e4skyl\u00e4 University Symphony Orchestra to perform there! We also arrange smaller ensembles on demand. The price depends on the event. <\/p>\n\n\n\n<p>Please contact us and we will see if we can offer music for Your event!<\/p>\n\n\n\n<p><\/p>\n\n\n\n<h2 class=\"wp-block-heading has-normal-font-size\"><strong>Contacts:<\/strong><\/h2>\n\n\n\n<p>Curator<\/p>\n\n\n\n<p>Sofia T\u00f6rr\u00f6nen<br>sofia.f.m.torronen(at)student.jyu.fi<\/p>","protected":false},"excerpt":{"rendered":"<p>Kaipaako tilaisuutesi musiikkia? Kysy Jyv\u00e4skyl\u00e4n yliopiston sinfoniaorkesteri Sinfist\u00e4 esiintym\u00e4\u00e4n! Kauttamme voi tiedustella my\u00f6s pienyhtyett\u00e4. Hinta m\u00e4\u00e4r\u00e4ytyy tilaisuuden mukaan. Ota rohkeasti yhteytt\u00e4 ja selvitet\u00e4\u00e4n, voisimmeko tarjota musiikkia juuri teid\u00e4n tilaisuuteenne! Yhteydenotot: Intendentti Sofia T\u00f6rr\u00f6nensofia.f.m.torronen(at)student.jyu.fi<\/p>","protected":false},"author":1,"featured_media":0,"parent":0,"menu_order":6,"comment_status":"closed","ping_status":"open","template":"","meta":{"footnotes":""},"class_list":["post-121","page","type-page","status-publish","hentry"],"_links":{"self":[{"href":"https:\/\/www.sinfis.fi\/en\/wp-json\/wp\/v2\/pages\/121","targetHints":{"allow":["GET"]}}],"collection":[{"href":"https:\/\/www.sinfis.fi\/en\/wp-json\/wp\/v2\/pages"}],"about":[{"href":"https:\/\/www.sinfis.fi\/en\/wp-json\/wp\/v2\/types\/page"}],"author":[{"embeddable":true,"href":"https:\/\/www.sinfis.fi\/en\/wp-json\/wp\/v2\/users\/1"}],"replies":[{"embeddable":true,"href":"https:\/\/www.sinfis.fi\/en\/wp-json\/wp\/v2\/comments?post=121"}],"version-history":[{"count":16,"href":"https:\/\/www.sinfis.fi\/en\/wp-json\/wp\/v2\/pages\/121\/revisions"}],"predecessor-version":[{"id":1997,"href":"https:\/\/www.sinfis.fi\/en\/wp-json\/wp\/v2\/pages\/121\/revisions\/1997"}],"wp:attachment":[{"href":"https:\/\/www.sinfis.fi\/en\/wp-json\/wp\/v2\/media?parent=121"}],"curies":[{"name":"wp","href":"https:\/\/api.w.org\/{rel}","templated":true}]}}